{"id":970,"date":"2025-05-18T02:27:53","date_gmt":"2025-05-18T02:27:53","guid":{"rendered":"https:\/\/geraldinepostel.org\/?page_id=970"},"modified":"2025-06-05T15:13:25","modified_gmt":"2025-06-05T15:13:25","slug":"outcastsprivacypolicy","status":"publish","type":"page","link":"https:\/\/geraldinepostel.org\/fr\/digital\/outcastsprivacypolicy","title":{"rendered":"Outcasts Privacy Policy"},"content":{"rendered":"<p><div class=\"fusion-fullwidth fullwidth-box fusion-builder-row-1 fusion-flex-container has-pattern-background has-mask-background nonhundred-percent-fullwidth non-hundred-percent-height-scrolling\" style=\"--awb-border-radius-top-left:0px;--awb-border-radius-top-right:0px;--awb-border-radius-bottom-right:0px;--awb-border-radius-bottom-left:0px;--awb-flex-wrap:wrap;\" ><div class=\"fusion-builder-row fusion-row fusion-flex-align-items-flex-start fusion-flex-content-wrap\" style=\"max-width:1300px;margin-left: calc(-4% \/ 2 );margin-right: calc(-4% \/ 2 );\"><div class=\"fusion-layout-column fusion_builder_column fusion-builder-column-0 fusion_builder_column_1_1 1_1 fusion-flex-column fusion-animated\" style=\"--awb-bg-size:cover;--awb-width-large:100%;--awb-margin-top-large:0px;--awb-spacing-right-large:1.92%;--awb-margin-bottom-large:20px;--awb-spacing-left-large:1.92%;--awb-width-medium:100%;--awb-order-medium:0;--awb-spacing-right-medium:1.92%;--awb-spacing-left-medium:1.92%;--awb-width-small:100%;--awb-order-small:0;--awb-spacing-right-small:1.92%;--awb-spacing-left-small:1.92%;\" data-animationtype=\"fadeInLeft\" data-animationduration=\"2.0\" data-animationoffset=\"top-into-view\" data-scroll-devices=\"small-visibility,medium-visibility,large-visibility\"><div class=\"fusion-column-wrapper fusion-column-has-shadow fusion-flex-justify-content-flex-start fusion-content-layout-column\"><div class=\"fusion-title title fusion-title-1 fusion-sep-none fusion-title-center fusion-title-text fusion-title-size-two\"><h2 class=\"fusion-title-heading title-heading-center\" style=\"margin:0;\"><p style=\"text-align: center;\">Outcasts Inc. AR<\/p><\/h2><\/div><div class=\"fusion-title title fusion-title-2 fusion-sep-none fusion-title-center fusion-title-text fusion-title-size-five\"><h5 class=\"fusion-title-heading title-heading-center\" style=\"margin:0;\"><p style=\"text-align: center;\"><em>augmented reality collaborations<\/em><\/p><\/h5><\/div><div class=\"fusion-title title fusion-title-3 fusion-sep-none fusion-title-center fusion-title-text fusion-title-size-five\"><h5 class=\"fusion-title-heading title-heading-center\" style=\"margin:0;\"><p style=\"text-align: center;\"><strong>PRIVACY POLICY<\/strong><\/p><\/h5><\/div><div class=\"fusion-separator fusion-full-width-sep\" style=\"align-self: center;margin-left: auto;margin-right: auto;margin-top:40px;margin-bottom:40px;width:100%;\"><div class=\"fusion-separator-border sep-shadow\" style=\"--awb-height:20px;--awb-amount:20px;background:radial-gradient(ellipse at 50% -50% , var(--awb-color3) 0px, rgba(255, 255, 255, 0) 80%) repeat scroll 0 0 rgba(0, 0, 0, 0);background:-webkit-radial-gradient(ellipse at 50% -50% , var(--awb-color3) 0px, rgba(255, 255, 255, 0) 80%) repeat scroll 0 0 rgba(0, 0, 0, 0);background:-moz-radial-gradient(ellipse at 50% -50% , var(--awb-color3) 0px, rgba(255, 255, 255, 0) 80%) repeat scroll 0 0 rgba(0, 0, 0, 0);background:-o-radial-gradient(ellipse at 50% -50% , var(--awb-color3) 0px, rgba(255, 255, 255, 0) 80%) repeat scroll 0 0 rgba(0, 0, 0, 0);\"><\/div><\/div><\/div><\/div><\/div><\/div><div class=\"fusion-fullwidth fullwidth-box fusion-builder-row-2 fusion-flex-container has-pattern-background has-mask-background nonhundred-percent-fullwidth non-hundred-percent-height-scrolling\" style=\"--awb-border-radius-top-left:0px;--awb-border-radius-top-right:0px;--awb-border-radius-bottom-right:0px;--awb-border-radius-bottom-left:0px;--awb-padding-right:10%;--awb-padding-left:10%;--awb-flex-wrap:wrap;\" ><div class=\"fusion-builder-row fusion-row fusion-flex-align-items-stretch fusion-flex-justify-content-center fusion-flex-content-wrap\" style=\"max-width:1300px;margin-left: calc(-4% \/ 2 );margin-right: calc(-4% \/ 2 );\"><div class=\"fusion-layout-column fusion_builder_column fusion-builder-column-1 fusion_builder_column_1_2 1_2 fusion-flex-column\" style=\"--awb-bg-size:cover;--awb-width-large:50%;--awb-margin-top-large:0px;--awb-spacing-right-large:3.84%;--awb-margin-bottom-large:20px;--awb-spacing-left-large:3.84%;--awb-width-medium:50%;--awb-order-medium:0;--awb-spacing-right-medium:3.84%;--awb-spacing-left-medium:3.84%;--awb-width-small:100%;--awb-order-small:0;--awb-spacing-right-small:1.92%;--awb-spacing-left-small:1.92%;\"><div class=\"fusion-column-wrapper fusion-column-has-shadow fusion-flex-justify-content-flex-start fusion-content-layout-column\"><div class=\"fusion-text fusion-text-1\" style=\"--awb-content-alignment:justify;\"><h4><img decoding=\"async\" draggable=\"false\" role=\"img\" class=\"emoji\" alt=\"\ud83c\uddec\ud83c\udde7\" src=\"https:\/\/s.w.org\/images\/core\/emoji\/15.1.0\/svg\/1f1ec-1f1e7.svg\"> Privacy Policy<\/h4>\n<p class=\"\" data-start=\"652\" data-end=\"676\"><strong data-start=\"652\" data-end=\"676\">Last updated: [18\/05\/2025]<\/strong><\/p>\n<p class=\"\" data-start=\"678\" data-end=\"756\"><span class=\"relative -mx-px my-&#091;-0.2rem&#093; rounded px-px py-&#091;0.2rem&#093; transition-colors duration-100 ease-in-out\">We, Outcasts Incorporated, respect the privacy of our users.<\/span><\/p>\n<p class=\"\" data-start=\"758\" data-end=\"836\"><span class=\"relative -mx-px my-&#091;-0.2rem&#093; rounded px-px py-&#091;0.2rem&#093; transition-colors duration-100 ease-in-out\">Our application, Outcasts Inc. AR, does not collect, store, or share any personal or sensitive data.<\/span><\/p>\n<p class=\"\" data-start=\"838\" data-end=\"916\"><span class=\"relative -mx-px my-&#091;-0.2rem&#093; rounded px-px py-&#091;0.2rem&#093; transition-colors duration-100 ease-in-out\">No information is transmitted to third parties or used for analytics, marketing, or tracking purposes.<\/span><\/p>\n<p class=\"\" data-start=\"918\" data-end=\"996\"><span class=\"relative -mx-px my-&#091;-0.2rem&#093; rounded px-px py-&#091;0.2rem&#093; transition-colors duration-100 ease-in-out\">If you have any questions about this policy, please contact us at: contact@geraldinepostel.org.<\/span><\/p>\n<\/div><\/div><\/div><div class=\"fusion-layout-column fusion_builder_column fusion-builder-column-2 fusion_builder_column_1_2 1_2 fusion-flex-column\" style=\"--awb-bg-size:cover;--awb-width-large:50%;--awb-margin-top-large:0px;--awb-spacing-right-large:3.84%;--awb-margin-bottom-large:20px;--awb-spacing-left-large:3.84%;--awb-width-medium:50%;--awb-order-medium:0;--awb-spacing-right-medium:3.84%;--awb-spacing-left-medium:3.84%;--awb-width-small:100%;--awb-order-small:0;--awb-spacing-right-small:1.92%;--awb-spacing-left-small:1.92%;\"><div class=\"fusion-column-wrapper fusion-column-has-shadow fusion-flex-justify-content-flex-start fusion-content-layout-column\"><div class=\"fusion-text fusion-text-2\" style=\"--awb-content-alignment:justify;\"><h4>\ud83c\uddeb\ud83c\uddf7 Politique de Confidentialit\u00e9<\/h4>\n<p class=\"\" data-start=\"278\" data-end=\"311\"><strong data-start=\"278\" data-end=\"311\">Derni\u00e8re mise \u00e0 jour : [18\/05\/2025]<\/strong><\/p>\n<p class=\"\" data-start=\"313\" data-end=\"387\"><span class=\"relative -mx-px my-&#091;-0.2rem&#093; rounded px-px py-&#091;0.2rem&#093; transition-colors duration-100 ease-in-out\">Nous, Outcasts Incorporated, respectons la vie priv\u00e9e de nos utilisateurs.<\/span><\/p>\n<p class=\"\" data-start=\"389\" data-end=\"463\"><span class=\"relative -mx-px my-&#091;-0.2rem&#093; rounded px-px py-&#091;0.2rem&#093; transition-colors duration-100 ease-in-out\">Notre application, Outcasts Inc. AR, ne collecte, ne stocke, ni ne partage aucune donn\u00e9e personnelle ou sensible.<\/span><\/p>\n<p class=\"\" data-start=\"465\" data-end=\"541\"><span class=\"relative -mx-px my-&#091;-0.2rem&#093; rounded px-px py-&#091;0.2rem&#093; transition-colors duration-100 ease-in-out\">Aucune information n&#8217;est transmise \u00e0 des tiers ou utilis\u00e9e \u00e0 des fins d&#8217;analyse, de marketing ou de suivi.<\/span><\/p>\n<p class=\"\" data-start=\"543\" data-end=\"621\"><span class=\"relative -mx-px my-&#091;-0.2rem&#093; rounded px-px py-&#091;0.2rem&#093; transition-colors duration-100 ease-in-out\">Si vous avez des questions concernant cette politique, veuillez nous contacter \u00e0 : contact@geraldinepostel.org.<\/span><\/p>\n<\/div><\/div><\/div><div class=\"fusion-layout-column fusion_builder_column fusion-builder-column-3 fusion_builder_column_1_1 1_1 fusion-flex-column\" style=\"--awb-bg-size:cover;--awb-width-large:100%;--awb-margin-top-large:0px;--awb-spacing-right-large:1.92%;--awb-margin-bottom-large:20px;--awb-spacing-left-large:1.92%;--awb-width-medium:100%;--awb-order-medium:0;--awb-spacing-right-medium:1.92%;--awb-spacing-left-medium:1.92%;--awb-width-small:100%;--awb-order-small:0;--awb-spacing-right-small:1.92%;--awb-spacing-left-small:1.92%;\"><div class=\"fusion-column-wrapper fusion-column-has-shadow fusion-flex-justify-content-flex-start fusion-content-layout-column\"><div class=\"fusion-separator fusion-full-width-sep\" style=\"align-self: center;margin-left: auto;margin-right: auto;margin-top:40px;margin-bottom:20px;width:100%;\"><div class=\"fusion-separator-border sep-shadow\" style=\"--awb-height:20px;--awb-amount:20px;background:radial-gradient(ellipse at 50% -50% , var(--awb-color3) 0px, rgba(255, 255, 255, 0) 80%) repeat scroll 0 0 rgba(0, 0, 0, 0);background:-webkit-radial-gradient(ellipse at 50% -50% , var(--awb-color3) 0px, rgba(255, 255, 255, 0) 80%) repeat scroll 0 0 rgba(0, 0, 0, 0);background:-moz-radial-gradient(ellipse at 50% -50% , var(--awb-color3) 0px, rgba(255, 255, 255, 0) 80%) repeat scroll 0 0 rgba(0, 0, 0, 0);background:-o-radial-gradient(ellipse at 50% -50% , var(--awb-color3) 0px, rgba(255, 255, 255, 0) 80%) repeat scroll 0 0 rgba(0, 0, 0, 0);\"><\/div><\/div><\/div><\/div><\/div><\/div><div class=\"fusion-fullwidth fullwidth-box fusion-builder-row-3 fusion-flex-container has-pattern-background has-mask-background hundred-percent-fullwidth non-hundred-percent-height-scrolling\" style=\"--awb-border-radius-top-left:0px;--awb-border-radius-top-right:0px;--awb-border-radius-bottom-right:0px;--awb-border-radius-bottom-left:0px;--awb-padding-right:10%;--awb-padding-left:10%;--awb-flex-wrap:wrap;\" ><div class=\"fusion-builder-row fusion-row fusion-flex-align-items-stretch fusion-flex-justify-content-center fusion-flex-content-wrap\" style=\"width:104% !important;max-width:104% !important;margin-left: calc(-4% \/ 2 );margin-right: calc(-4% \/ 2 );\"><div class=\"fusion-layout-column fusion_builder_column fusion-builder-column-4 fusion_builder_column_3_4 3_4 fusion-flex-column\" style=\"--awb-bg-size:cover;--awb-width-large:75%;--awb-margin-top-large:0px;--awb-spacing-right-large:2.56%;--awb-margin-bottom-large:20px;--awb-spacing-left-large:2.56%;--awb-width-medium:75%;--awb-order-medium:0;--awb-spacing-right-medium:2.56%;--awb-spacing-left-medium:2.56%;--awb-width-small:100%;--awb-order-small:0;--awb-spacing-right-small:1.92%;--awb-spacing-left-small:1.92%;\"><div class=\"fusion-column-wrapper fusion-column-has-shadow fusion-flex-justify-content-flex-start fusion-content-layout-column\"><div class=\"awb-gallery-wrapper awb-gallery-wrapper-1 button-span-no\" style=\"--more-btn-alignment:center;\"><div style=\"margin:-5px;--awb-bordersize:0px;\" class=\"fusion-gallery fusion-gallery-container fusion-grid-4 fusion-columns-total-4 fusion-gallery-layout-grid fusion-gallery-1\"><div style=\"padding:5px;\" class=\"fusion-grid-column fusion-gallery-column fusion-gallery-column-4\"><div class=\"fusion-gallery-image fusion-gallery-image-liftup\"><a href=\"https:\/\/geraldinepostel.org\/wp-content\/uploads\/2025\/05\/OutcastsAR-AppScreenshot01-scaled.jpg\" rel=\"noreferrer\" data-rel=\"iLightbox[gallery_image_1]\" class=\"fusion-lightbox\" target=\"_self\"><img decoding=\"async\" src=\"https:\/\/geraldinepostel.org\/wp-content\/uploads\/2025\/05\/OutcastsAR-AppScreenshot01-scaled.jpg\" width=\"1183\" height=\"2560\" alt=\"\" title=\"\" aria-label=\"\" class=\"img-responsive wp-image-974\" srcset=\"https:\/\/geraldinepostel.org\/wp-content\/uploads\/2025\/05\/OutcastsAR-AppScreenshot01-200x433.jpg 200w, https:\/\/geraldinepostel.org\/wp-content\/uploads\/2025\/05\/OutcastsAR-AppScreenshot01-400x866.jpg 400w, https:\/\/geraldinepostel.org\/wp-content\/uploads\/2025\/05\/OutcastsAR-AppScreenshot01-600x1299.jpg 600w, https:\/\/geraldinepostel.org\/wp-content\/uploads\/2025\/05\/OutcastsAR-AppScreenshot01-800x1731.jpg 800w, https:\/\/geraldinepostel.org\/wp-content\/uploads\/2025\/05\/OutcastsAR-AppScreenshot01-scaled.jpg 1183w, https:\/\/geraldinepostel.org\/wp-content\/uploads\/2025\/05\/OutcastsAR-AppScreenshot01-1200x2597.jpg 1200w\" sizes=\"(min-width: 2200px) 100vw, (min-width: 856px) 309px, (min-width: 784px) 412px, (min-width: 712px) 618px, (min-width: 640px) 712px, \" \/><\/a><\/div><\/div><div style=\"padding:5px;\" class=\"fusion-grid-column fusion-gallery-column fusion-gallery-column-4\"><div class=\"fusion-gallery-image fusion-gallery-image-liftup\"><a href=\"https:\/\/geraldinepostel.org\/wp-content\/uploads\/2025\/05\/OutcastsAR-AppScreenshot02-scaled.jpg\" rel=\"noreferrer\" data-rel=\"iLightbox[gallery_image_1]\" class=\"fusion-lightbox\" target=\"_self\"><img decoding=\"async\" src=\"https:\/\/geraldinepostel.org\/wp-content\/uploads\/2025\/05\/OutcastsAR-AppScreenshot02-scaled.jpg\" width=\"1183\" height=\"2560\" alt=\"\" title=\"\" aria-label=\"\" class=\"img-responsive wp-image-975\" srcset=\"https:\/\/geraldinepostel.org\/wp-content\/uploads\/2025\/05\/OutcastsAR-AppScreenshot02-200x433.jpg 200w, https:\/\/geraldinepostel.org\/wp-content\/uploads\/2025\/05\/OutcastsAR-AppScreenshot02-400x866.jpg 400w, https:\/\/geraldinepostel.org\/wp-content\/uploads\/2025\/05\/OutcastsAR-AppScreenshot02-600x1299.jpg 600w, https:\/\/geraldinepostel.org\/wp-content\/uploads\/2025\/05\/OutcastsAR-AppScreenshot02-800x1731.jpg 800w, https:\/\/geraldinepostel.org\/wp-content\/uploads\/2025\/05\/OutcastsAR-AppScreenshot02-scaled.jpg 1183w, https:\/\/geraldinepostel.org\/wp-content\/uploads\/2025\/05\/OutcastsAR-AppScreenshot02-1200x2597.jpg 1200w\" sizes=\"(min-width: 2200px) 100vw, (min-width: 856px) 309px, (min-width: 784px) 412px, (min-width: 712px) 618px, (min-width: 640px) 712px, \" \/><\/a><\/div><\/div><div style=\"padding:5px;\" class=\"fusion-grid-column fusion-gallery-column fusion-gallery-column-4\"><div class=\"fusion-gallery-image fusion-gallery-image-liftup\"><a href=\"https:\/\/geraldinepostel.org\/wp-content\/uploads\/2025\/05\/OutcastsAR-AppScreenshot03-scaled.jpg\" rel=\"noreferrer\" data-rel=\"iLightbox[gallery_image_1]\" class=\"fusion-lightbox\" target=\"_self\"><img decoding=\"async\" src=\"https:\/\/geraldinepostel.org\/wp-content\/uploads\/2025\/05\/OutcastsAR-AppScreenshot03-scaled.jpg\" width=\"1183\" height=\"2560\" alt=\"\" title=\"\" aria-label=\"\" class=\"img-responsive wp-image-976\" srcset=\"https:\/\/geraldinepostel.org\/wp-content\/uploads\/2025\/05\/OutcastsAR-AppScreenshot03-200x433.jpg 200w, https:\/\/geraldinepostel.org\/wp-content\/uploads\/2025\/05\/OutcastsAR-AppScreenshot03-400x866.jpg 400w, https:\/\/geraldinepostel.org\/wp-content\/uploads\/2025\/05\/OutcastsAR-AppScreenshot03-600x1299.jpg 600w, https:\/\/geraldinepostel.org\/wp-content\/uploads\/2025\/05\/OutcastsAR-AppScreenshot03-800x1731.jpg 800w, https:\/\/geraldinepostel.org\/wp-content\/uploads\/2025\/05\/OutcastsAR-AppScreenshot03-scaled.jpg 1183w, https:\/\/geraldinepostel.org\/wp-content\/uploads\/2025\/05\/OutcastsAR-AppScreenshot03-1200x2597.jpg 1200w\" sizes=\"(min-width: 2200px) 100vw, (min-width: 856px) 309px, (min-width: 784px) 412px, (min-width: 712px) 618px, (min-width: 640px) 712px, \" \/><\/a><\/div><\/div><div style=\"padding:5px;\" class=\"fusion-grid-column fusion-gallery-column fusion-gallery-column-4\"><div class=\"fusion-gallery-image fusion-gallery-image-liftup\"><a href=\"https:\/\/geraldinepostel.org\/wp-content\/uploads\/2025\/05\/OutcastsAR-AppScreenshot06-scaled.jpg\" rel=\"noreferrer\" data-rel=\"iLightbox[gallery_image_1]\" class=\"fusion-lightbox\" target=\"_self\"><img decoding=\"async\" src=\"https:\/\/geraldinepostel.org\/wp-content\/uploads\/2025\/05\/OutcastsAR-AppScreenshot06-scaled.jpg\" width=\"1183\" height=\"2560\" alt=\"\" title=\"\" aria-label=\"\" class=\"img-responsive wp-image-973\" srcset=\"https:\/\/geraldinepostel.org\/wp-content\/uploads\/2025\/05\/OutcastsAR-AppScreenshot06-200x433.jpg 200w, https:\/\/geraldinepostel.org\/wp-content\/uploads\/2025\/05\/OutcastsAR-AppScreenshot06-400x866.jpg 400w, https:\/\/geraldinepostel.org\/wp-content\/uploads\/2025\/05\/OutcastsAR-AppScreenshot06-600x1299.jpg 600w, https:\/\/geraldinepostel.org\/wp-content\/uploads\/2025\/05\/OutcastsAR-AppScreenshot06-800x1731.jpg 800w, https:\/\/geraldinepostel.org\/wp-content\/uploads\/2025\/05\/OutcastsAR-AppScreenshot06-scaled.jpg 1183w, https:\/\/geraldinepostel.org\/wp-content\/uploads\/2025\/05\/OutcastsAR-AppScreenshot06-1200x2597.jpg 1200w\" sizes=\"(min-width: 2200px) 100vw, (min-width: 856px) 309px, (min-width: 784px) 412px, (min-width: 712px) 618px, (min-width: 640px) 712px, \" \/><\/a><\/div><\/div><div class=\"clearfix\"><\/div><\/div><\/div><\/div><\/div><div class=\"fusion-layout-column fusion_builder_column fusion-builder-column-5 fusion_builder_column_1_4 1_4 fusion-flex-column\" style=\"--awb-bg-size:cover;--awb-width-large:25%;--awb-margin-top-large:0px;--awb-spacing-right-large:7.68%;--awb-margin-bottom-large:20px;--awb-spacing-left-large:7.68%;--awb-width-medium:25%;--awb-order-medium:0;--awb-spacing-right-medium:7.68%;--awb-spacing-left-medium:7.68%;--awb-width-small:100%;--awb-order-small:0;--awb-spacing-right-small:1.92%;--awb-spacing-left-small:1.92%;\"><div class=\"fusion-column-wrapper fusion-column-has-shadow fusion-flex-justify-content-flex-start fusion-content-layout-column\"><div class=\"fusion-video fusion-selfhosted-video\" style=\"max-width:100%;\"><div class=\"video-wrapper\"><video playsinline=\"true\" width=\"100%\" style=\"object-fit: cover;\" autoplay=\"true\" muted=\"true\" loop=\"true\" preload=\"auto\" controls=\"1\"><source src=\"http:\/\/geraldinepostel.org\/wp-content\/uploads\/2025\/04\/Continuum-Nao01.mp4\" type=\"video\/mp4\">Sorry, your browser doesn&#039;t support embedded videos.<\/video><\/div><\/div><\/div><\/div><\/div><\/div><\/p>","protected":false},"excerpt":{"rendered":"","protected":false},"author":1,"featured_media":0,"parent":805,"menu_order":0,"comment_status":"closed","ping_status":"closed","template":"100-width.php","meta":{"footnotes":""},"class_list":["post-970","page","type-page","status-publish","hentry"],"_links":{"self":[{"href":"https:\/\/geraldinepostel.org\/fr\/wp-json\/wp\/v2\/pages\/970","targetHints":{"allow":["GET"]}}],"collection":[{"href":"https:\/\/geraldinepostel.org\/fr\/wp-json\/wp\/v2\/pages"}],"about":[{"href":"https:\/\/geraldinepostel.org\/fr\/wp-json\/wp\/v2\/types\/page"}],"author":[{"embeddable":true,"href":"https:\/\/geraldinepostel.org\/fr\/wp-json\/wp\/v2\/users\/1"}],"replies":[{"embeddable":true,"href":"https:\/\/geraldinepostel.org\/fr\/wp-json\/wp\/v2\/comments?post=970"}],"version-history":[{"count":19,"href":"https:\/\/geraldinepostel.org\/fr\/wp-json\/wp\/v2\/pages\/970\/revisions"}],"predecessor-version":[{"id":998,"href":"https:\/\/geraldinepostel.org\/fr\/wp-json\/wp\/v2\/pages\/970\/revisions\/998"}],"up":[{"embeddable":true,"href":"https:\/\/geraldinepostel.org\/fr\/wp-json\/wp\/v2\/pages\/805"}],"wp:attachment":[{"href":"https:\/\/geraldinepostel.org\/fr\/wp-json\/wp\/v2\/media?parent=970"}],"curies":[{"name":"wp","href":"https:\/\/api.w.org\/{rel}","templated":true}]}}