{"id":805,"date":"2024-09-16T22:33:50","date_gmt":"2024-09-16T22:33:50","guid":{"rendered":"https:\/\/geraldinepostel.org\/?page_id=805"},"modified":"2024-10-19T22:04:59","modified_gmt":"2024-10-19T22:04:59","slug":"digital","status":"publish","type":"page","link":"https:\/\/geraldinepostel.org\/fr\/digital","title":{"rendered":"DIGITAL"},"content":{"rendered":"<p><div class=\"fusion-fullwidth fullwidth-box fusion-builder-row-1 fusion-flex-container has-pattern-background has-mask-background hundred-percent-fullwidth non-hundred-percent-height-scrolling\" style=\"--awb-border-radius-top-left:0px;--awb-border-radius-top-right:0px;--awb-border-radius-bottom-right:0px;--awb-border-radius-bottom-left:0px;--awb-flex-wrap:wrap;\" ><div class=\"fusion-builder-row fusion-row fusion-flex-align-items-flex-start fusion-flex-content-wrap\" style=\"width:104% !important;max-width:104% !important;margin-left: calc(-4% \/ 2 );margin-right: calc(-4% \/ 2 );\"><div class=\"fusion-layout-column fusion_builder_column fusion-builder-column-0 fusion_builder_column_1_1 1_1 fusion-flex-column fusion-animated\" style=\"--awb-bg-size:cover;--awb-width-large:100%;--awb-margin-top-large:0px;--awb-spacing-right-large:1.92%;--awb-margin-bottom-large:20px;--awb-spacing-left-large:1.92%;--awb-width-medium:100%;--awb-order-medium:0;--awb-spacing-right-medium:1.92%;--awb-spacing-left-medium:1.92%;--awb-width-small:100%;--awb-order-small:0;--awb-spacing-right-small:1.92%;--awb-spacing-left-small:1.92%;\" data-animationtype=\"fadeInLeft\" data-animationduration=\"2.0\" data-animationoffset=\"top-into-view\" data-scroll-devices=\"small-visibility,medium-visibility,large-visibility\"><div class=\"fusion-column-wrapper fusion-column-has-shadow fusion-flex-justify-content-flex-start fusion-content-layout-column\"><div class=\"fusion-title title fusion-title-1 fusion-sep-none fusion-title-center fusion-title-text fusion-title-size-two\"><h2 class=\"fusion-title-heading title-heading-center\" style=\"margin:0;\"><p style=\"text-align: center;\">ART DIGITAL, CHRONOLOGIE<\/p><\/h2><\/div><div class=\"fusion-separator fusion-full-width-sep\" style=\"align-self: center;margin-left: auto;margin-right: auto;margin-top:20px;margin-bottom:60px;width:100%;\"><div class=\"fusion-separator-border sep-shadow\" style=\"--awb-height:20px;--awb-amount:20px;background:radial-gradient(ellipse at 50% -50% , var(--awb-color3) 0px, rgba(255, 255, 255, 0) 80%) repeat scroll 0 0 rgba(0, 0, 0, 0);background:-webkit-radial-gradient(ellipse at 50% -50% , var(--awb-color3) 0px, rgba(255, 255, 255, 0) 80%) repeat scroll 0 0 rgba(0, 0, 0, 0);background:-moz-radial-gradient(ellipse at 50% -50% , var(--awb-color3) 0px, rgba(255, 255, 255, 0) 80%) repeat scroll 0 0 rgba(0, 0, 0, 0);background:-o-radial-gradient(ellipse at 50% -50% , var(--awb-color3) 0px, rgba(255, 255, 255, 0) 80%) repeat scroll 0 0 rgba(0, 0, 0, 0);\"><\/div><\/div><\/div><\/div><\/div><\/div><div class=\"fusion-fullwidth fullwidth-box fusion-builder-row-2 fusion-flex-container has-pattern-background has-mask-background nonhundred-percent-fullwidth non-hundred-percent-height-scrolling\" style=\"--awb-border-radius-top-left:0px;--awb-border-radius-top-right:0px;--awb-border-radius-bottom-right:0px;--awb-border-radius-bottom-left:0px;--awb-flex-wrap:wrap;\" ><div class=\"fusion-builder-row fusion-row fusion-flex-align-items-flex-start fusion-flex-justify-content-center fusion-flex-content-wrap\" style=\"max-width:1300px;margin-left: calc(-4% \/ 2 );margin-right: calc(-4% \/ 2 );\"><div class=\"fusion-layout-column fusion_builder_column fusion-builder-column-1 fusion_builder_column_1_1 1_1 fusion-flex-column fusion-animated\" style=\"--awb-bg-size:cover;--awb-width-large:100%;--awb-margin-top-large:0px;--awb-spacing-right-large:1.92%;--awb-margin-bottom-large:20px;--awb-spacing-left-large:1.92%;--awb-width-medium:100%;--awb-order-medium:0;--awb-spacing-right-medium:1.92%;--awb-spacing-left-medium:1.92%;--awb-width-small:100%;--awb-order-small:0;--awb-spacing-right-small:1.92%;--awb-spacing-left-small:1.92%;\" data-animationtype=\"fadeInLeft\" data-animationduration=\"2.0\" data-animationoffset=\"top-into-view\" data-scroll-devices=\"small-visibility,medium-visibility,large-visibility\"><div class=\"fusion-column-wrapper fusion-column-has-shadow fusion-flex-justify-content-flex-start fusion-content-layout-column\"><div class=\"fusion-text fusion-text-1\" style=\"--awb-content-alignment:justify;\"><p><strong>Depuis les ann\u00e9es 2000, G\u00e9raldine Postel collabore avec un groupe \u00e9mergent d\u2019art num\u00e9rique nomm\u00e9 \u00ab NEEN \u00bb fond\u00e9 par Miltos Manetas et pr\u00e9sent\u00e9 officiellement \u00e0 la galerie Gagosian, NYC en 2003.<\/strong><\/p>\n<p><strong>En 2002<\/strong>, \u00e0 Paris, dans l\u2019enceinte de <strong>PURPLE INSTITUTE<\/strong>elle ouvre<strong>IDEAL OFFICE<\/strong>\u00bb, un bureau id\u00e9al dessin\u00e9 par des artistes qui r\u00e9inventent la notion de bureau.<br \/>\n5 installations cons\u00e9cutives, Devon Dikeou, Dike Blair, Miltos Manetas, Laurent Saksik et St\u00e9phane Magnin.<\/p>\n<p><strong>En 2003<\/strong>, c\u2019est l\u2019installation de Miltos Manetas qui permet de d\u00e9couvrir les oeuvres internet de Rafael Rozendaal , Mai Ueda , Andreas Angelidakis et Angelo Plessas, tous membres du groupe <strong>NEEN<\/strong> , en collaboration avec <strong>SONY PLAYSTATION<\/strong>.<\/p>\n<p><strong>En 2004<\/strong>, Aux rencontre d\u2019Arles, avec le soutien d\u2019 <strong>ADOBE France<\/strong>, elle pr\u00e9sente un espace dessin\u00e9 par Jo Holtzman qui r\u00e9alise et agence une salle de lecture autour du magazine d\u2019art et d\u2019int\u00e9rieur design <strong>NEST<\/strong>.<\/p>\n<p><strong>\u00c9t\u00e9 2016<\/strong>, elle organise une exposition dans les 8 vitrines du Sofitel Paris Faubourg, o\u00f9 elle invite une multitude d\u2019artistes et designers de mode et objets intitul\u00e9 <strong>Winter Tales of Summer Bliss<\/strong>.<\/p>\n<p>Une bande originale est compos\u00e9e, (lien) et l\u2019exposition dans les 8 vitrines raconte une histoire de la contemporan\u00e9it\u00e9 tel un retable de 8 panneaux, c\u2019est aussi la premi\u00e8re exposition \u00e0 Paris qui renvoie aux sites internet de chaque participant, pour achats des oeuvres et objets expos\u00e9s, via des QR Codes appos\u00e9s tel un cartel \u00e0 c\u00f4t\u00e9 chaque vitrine. C\u2019est donc un expo outdoor ouverte 24h\/24.<\/p>\n<p>Liste des artistes et contributeurs de \u00ab<strong>Winter Tales of Summer Bliss<\/strong>\u201d 2016:<br \/>\nLaurent Saksik &#8211; Damir Doma &#8211; Eugene Riconneaus &#8211; Hugo Matha &#8211; Magazine Near East &#8211; Hans Boodt Mannequins Vitrines &#8211; Outcasts Incorporated By Nao Okawa, Zingmagazine , A Curatorial Crossing Edition &#8211; Ada Yu &#8211; Simon De La Porte &#8211; Thomasine &#8211; Eug\u00e8ne Riconneaus &#8211; Stephane Bergne For Designerbox &#8211; Mich Dulce &#8211; Diane Pernet &#8211; Sosangeles &#8211; Pete Drungle + Juriji Der Klee.<\/p>\n<div class=\"notranslate\" style=\"all: initial;\"><\/div>\n<div class=\"notranslate\" style=\"all: initial;\"><\/div>\n<\/div><div class=\"fusion-separator fusion-full-width-sep\" style=\"align-self: center;margin-left: auto;margin-right: auto;margin-top:20px;margin-bottom:20px;width:100%;\"><\/div><div class=\"fusion-video fusion-selfhosted-video\" style=\"align-self:center;max-width:600px;\"><div class=\"video-wrapper\" style=\"box-shadow:3px 3px 5px 5px rgba(0,0,0,0.25);;\"><video playsinline=\"true\" width=\"100%\" style=\"object-fit: cover;\" preload=\"auto\" controls=\"1\"><source src=\"http:\/\/geraldinepostel.org\/wp-content\/uploads\/2024\/09\/WINTER-TALES-OF-SUMMER-BLISS.mp4\" type=\"video\/mp4\">Sorry, your browser doesn&#039;t support embedded videos.<\/video><\/div><\/div><div class=\"fusion-separator fusion-full-width-sep\" style=\"align-self: center;margin-left: auto;margin-right: auto;margin-top:20px;margin-bottom:30px;width:100%;\"><\/div><div class=\"fusion-text fusion-text-2\" style=\"--awb-content-alignment:justify;\"><p><strong>En 2018<\/strong>, elle con\u00e7oit sa premi\u00e8re Galerie Num\u00e9rique \u00ab <strong>DMGPobservatory<\/strong> \u00bb avec son collaborateur et collectionneur David Magnin avec qui elle partage un id\u00e9al et pr\u00e9voit une r\u00e9sidence d\u2019artistes qui n\u2019aura pas lieu concr\u00e8tement mais qui continue de se d\u00e9velopper gr\u00e2ce \u00e0 son directeur de d\u00e9veloppement Arnaud Pepin Donat. (<a href=\"https:\/\/arnaudpepindonat.com\/\" target=\"_blank\" rel=\"noopener\">arnaudpepindonat.com<\/a>)<\/p>\n<p>Entre 2 p\u00e9riodes de confinement, elle rencontre Alexis Dejoux (Digitage) qui lui donnera acc\u00e8s \u00e0 une multitude de possibilit\u00e9s AR, VR qui n\u2019en finissent pas de progresser pour le commerce B2C et l\u2019apparition de NFT. Ils participent ensemble \u00e0 la premi\u00e8re du salon <strong>DRP show<\/strong>, (drop culture) , au Pavillon \u00c9ph\u00e9m\u00e8re \u00e0 Paris.<\/p>\n<p><strong>En 2020<\/strong> elle con\u00e7oit l\u2019exposition \u00ab<strong>NET PLUS ULTRA<\/strong>\u00bb \u00e0 la Galerie Mannerheim \u00e0 Paris, regroupant ses amis artistes oeuvrant avec le digital, entre autres Wolfgang Staehle, fondateur du premier site en ligne sur l\u2019art contemporain en 1992.<\/p>\n<p><strong>En 2022<\/strong>, c\u2019est l\u2019exposition \u00ab<strong>Continuum in Digitage<\/strong>\u00bb qui ouvre \u00e0 la Galerie Iconoclastes \u00e0 Paris, et pr\u00e9sente un des premiers dispositifs de photogram\u00e9trie et impression 3D cons\u00e9cutives, r\u00e9alisant des statuettes de plein pied de visiteurs et collectionneurs. Entre autres, les portraits de Florence Muller, Devon Dikeou, Pierre Lautier, et nombreux autres visiteurs qui s\u2019offrent un portrait 3D en solo ou en couple.<\/p>\n<p>Les projets de G\u00e9raldine Postel prennent une nouvelle forme, avec \u00ab<strong>Digital Gardens<\/strong>\u00bb dans son nouvel espace, <strong>L\u2019Abri<\/strong>un lieu d\u2019art et de r\u00e9sistances culturelles situ\u00e9 \u00e0 Villerville en Normandie, o\u00f9 elle a d\u00e9cid\u00e9 de poser ses quartiers et quitter Paris pour un nouveau mode de vie tout en faisant d\u00e9couvrir aux locaux et touristes ces proc\u00e9d\u00e9s et lectures AR \/VR encore peu exp\u00e9riment\u00e9s.<\/p>\n<p><strong>En Septembre 2024 elle ouvre Owr, le Voyage Num\u00e9rique \u00e0 L\u2019Abri, Villerville France.<\/strong><\/p>\n<div class=\"notranslate\" style=\"all: initial;\"><\/div>\n<div class=\"notranslate\" style=\"all: initial;\"><\/div>\n<\/div><div class=\"fusion-separator fusion-full-width-sep\" style=\"align-self: center;margin-left: auto;margin-right: auto;margin-top:20px;margin-bottom:40px;width:100%;\"><div class=\"fusion-separator-border sep-shadow\" style=\"--awb-height:20px;--awb-amount:20px;background:radial-gradient(ellipse at 50% -50% , var(--awb-color3) 0px, rgba(255, 255, 255, 0) 80%) repeat scroll 0 0 rgba(0, 0, 0, 0);background:-webkit-radial-gradient(ellipse at 50% -50% , var(--awb-color3) 0px, rgba(255, 255, 255, 0) 80%) repeat scroll 0 0 rgba(0, 0, 0, 0);background:-moz-radial-gradient(ellipse at 50% -50% , var(--awb-color3) 0px, rgba(255, 255, 255, 0) 80%) repeat scroll 0 0 rgba(0, 0, 0, 0);background:-o-radial-gradient(ellipse at 50% -50% , var(--awb-color3) 0px, rgba(255, 255, 255, 0) 80%) repeat scroll 0 0 rgba(0, 0, 0, 0);\"><\/div><\/div><\/div><\/div><div class=\"fusion-layout-column fusion_builder_column fusion-builder-column-2 fusion_builder_column_1_1 1_1 fusion-flex-column\" style=\"--awb-bg-size:cover;--awb-width-large:100%;--awb-margin-top-large:0px;--awb-spacing-right-large:1.92%;--awb-margin-bottom-large:20px;--awb-spacing-left-large:1.92%;--awb-width-medium:100%;--awb-order-medium:0;--awb-spacing-right-medium:1.92%;--awb-spacing-left-medium:1.92%;--awb-width-small:100%;--awb-order-small:0;--awb-spacing-right-small:1.92%;--awb-spacing-left-small:1.92%;\"><div class=\"fusion-column-wrapper fusion-column-has-shadow fusion-flex-justify-content-flex-start fusion-content-layout-column\"><div class=\"fusion-image-element\" style=\"--awb-aspect-ratio:21 \/ 9;--awb-object-position:51% 49%;--awb-caption-overlay-color:#787de2;--awb-caption-title-font-family:var(--h4_typography-font-family);--awb-caption-title-font-weight:var(--h4_typography-font-weight);--awb-caption-title-font-style:var(--h4_typography-font-style);--awb-caption-title-size:var(--h4_typography-font-size);--awb-caption-title-transform:var(--h4_typography-text-transform);--awb-caption-title-line-height:var(--h4_typography-line-height);--awb-caption-title-letter-spacing:var(--h4_typography-letter-spacing);\"><span class=\"fusion-imageframe imageframe-none imageframe-1 awb-imageframe-style awb-imageframe-style-resa has-aspect-ratio\"><a class=\"fusion-no-lightbox\" href=\"https:\/\/geraldinepostel.org\/fr\/digital\/digitalvoyage\/\" target=\"_self\" aria-label=\"ArtTheDigitalVoyage_Systaime-A01\"><img decoding=\"async\" width=\"1350\" height=\"697\" src=\"https:\/\/geraldinepostel.org\/wp-content\/uploads\/2024\/10\/ArtTheDigitalVoyage_Systaime-A01.jpg\" class=\"img-responsive wp-image-834 img-with-aspect-ratio\" data-parent-fit=\"cover\" data-parent-container=\".fusion-image-element\" alt srcset=\"https:\/\/geraldinepostel.org\/wp-content\/uploads\/2024\/10\/ArtTheDigitalVoyage_Systaime-A01-200x103.jpg 200w, https:\/\/geraldinepostel.org\/wp-content\/uploads\/2024\/10\/ArtTheDigitalVoyage_Systaime-A01-400x207.jpg 400w, https:\/\/geraldinepostel.org\/wp-content\/uploads\/2024\/10\/ArtTheDigitalVoyage_Systaime-A01-600x310.jpg 600w, https:\/\/geraldinepostel.org\/wp-content\/uploads\/2024\/10\/ArtTheDigitalVoyage_Systaime-A01-800x413.jpg 800w, https:\/\/geraldinepostel.org\/wp-content\/uploads\/2024\/10\/ArtTheDigitalVoyage_Systaime-A01-1200x620.jpg 1200w, https:\/\/geraldinepostel.org\/wp-content\/uploads\/2024\/10\/ArtTheDigitalVoyage_Systaime-A01.jpg 1350w\" sizes=\"(max-width: 640px) 100vw, 1350px\" \/><div class=\"awb-imageframe-caption-container\"><div class=\"awb-imageframe-caption\"><h4 class=\"awb-imageframe-caption-title\">ART - The Digital Voyage<\/h4><\/div><\/div><\/a><\/span><\/div><\/div><\/div><div class=\"fusion-layout-column fusion_builder_column fusion-builder-column-3 fusion_builder_column_1_1 1_1 fusion-flex-column\" style=\"--awb-bg-size:cover;--awb-width-large:100%;--awb-margin-top-large:0px;--awb-spacing-right-large:1.92%;--awb-margin-bottom-large:20px;--awb-spacing-left-large:1.92%;--awb-width-medium:100%;--awb-order-medium:0;--awb-spacing-right-medium:1.92%;--awb-spacing-left-medium:1.92%;--awb-width-small:100%;--awb-order-small:0;--awb-spacing-right-small:1.92%;--awb-spacing-left-small:1.92%;\"><div class=\"fusion-column-wrapper fusion-column-has-shadow fusion-flex-justify-content-flex-start fusion-content-layout-column\"><div class=\"fusion-separator fusion-full-width-sep\" style=\"align-self: center;margin-left: auto;margin-right: auto;margin-top:30px;margin-bottom:60px;width:100%;\"><div class=\"fusion-separator-border sep-shadow\" style=\"--awb-height:20px;--awb-amount:20px;background:radial-gradient(ellipse at 50% -50% , var(--awb-color3) 0px, rgba(255, 255, 255, 0) 80%) repeat scroll 0 0 rgba(0, 0, 0, 0);background:-webkit-radial-gradient(ellipse at 50% -50% , var(--awb-color3) 0px, rgba(255, 255, 255, 0) 80%) repeat scroll 0 0 rgba(0, 0, 0, 0);background:-moz-radial-gradient(ellipse at 50% -50% , var(--awb-color3) 0px, rgba(255, 255, 255, 0) 80%) repeat scroll 0 0 rgba(0, 0, 0, 0);background:-o-radial-gradient(ellipse at 50% -50% , var(--awb-color3) 0px, rgba(255, 255, 255, 0) 80%) repeat scroll 0 0 rgba(0, 0, 0, 0);\"><\/div><\/div><\/div><\/div><\/div><\/div><\/p>","protected":false},"excerpt":{"rendered":"","protected":false},"author":1,"featured_media":130,"parent":0,"menu_order":0,"comment_status":"closed","ping_status":"closed","template":"100-width.php","meta":{"footnotes":""},"class_list":["post-805","page","type-page","status-publish","has-post-thumbnail","hentry"],"_links":{"self":[{"href":"https:\/\/geraldinepostel.org\/fr\/wp-json\/wp\/v2\/pages\/805","targetHints":{"allow":["GET"]}}],"collection":[{"href":"https:\/\/geraldinepostel.org\/fr\/wp-json\/wp\/v2\/pages"}],"about":[{"href":"https:\/\/geraldinepostel.org\/fr\/wp-json\/wp\/v2\/types\/page"}],"author":[{"embeddable":true,"href":"https:\/\/geraldinepostel.org\/fr\/wp-json\/wp\/v2\/users\/1"}],"replies":[{"embeddable":true,"href":"https:\/\/geraldinepostel.org\/fr\/wp-json\/wp\/v2\/comments?post=805"}],"version-history":[{"count":10,"href":"https:\/\/geraldinepostel.org\/fr\/wp-json\/wp\/v2\/pages\/805\/revisions"}],"predecessor-version":[{"id":847,"href":"https:\/\/geraldinepostel.org\/fr\/wp-json\/wp\/v2\/pages\/805\/revisions\/847"}],"wp:featuredmedia":[{"embeddable":true,"href":"https:\/\/geraldinepostel.org\/fr\/wp-json\/wp\/v2\/media\/130"}],"wp:attachment":[{"href":"https:\/\/geraldinepostel.org\/fr\/wp-json\/wp\/v2\/media?parent=805"}],"curies":[{"name":"wp","href":"https:\/\/api.w.org\/{rel}","templated":true}]}}