{"id":691,"date":"2024-09-07T03:18:34","date_gmt":"2024-09-07T03:18:34","guid":{"rendered":"https:\/\/geraldinepostel.org\/?page_id=691"},"modified":"2024-09-07T03:20:58","modified_gmt":"2024-09-07T03:20:58","slug":"les-kebadian","status":"publish","type":"page","link":"https:\/\/geraldinepostel.org\/fr\/art\/les-kebadian","title":{"rendered":"LES KEBADIAN"},"content":{"rendered":"<p><div class=\"fusion-fullwidth fullwidth-box fusion-builder-row-1 fusion-flex-container has-pattern-background has-mask-background hundred-percent-fullwidth non-hundred-percent-height-scrolling\" style=\"--awb-border-radius-top-left:0px;--awb-border-radius-top-right:0px;--awb-border-radius-bottom-right:0px;--awb-border-radius-bottom-left:0px;--awb-flex-wrap:wrap;\" ><div class=\"fusion-builder-row fusion-row fusion-flex-align-items-flex-start fusion-flex-content-wrap\" style=\"width:104% !important;max-width:104% !important;margin-left: calc(-4% \/ 2 );margin-right: calc(-4% \/ 2 );\"><div class=\"fusion-layout-column fusion_builder_column fusion-builder-column-0 fusion_builder_column_1_1 1_1 fusion-flex-column fusion-animated\" style=\"--awb-bg-size:cover;--awb-width-large:100%;--awb-margin-top-large:0px;--awb-spacing-right-large:1.92%;--awb-margin-bottom-large:20px;--awb-spacing-left-large:1.92%;--awb-width-medium:100%;--awb-order-medium:0;--awb-spacing-right-medium:1.92%;--awb-spacing-left-medium:1.92%;--awb-width-small:100%;--awb-order-small:0;--awb-spacing-right-small:1.92%;--awb-spacing-left-small:1.92%;\" data-animationtype=\"fadeInLeft\" data-animationduration=\"2.0\" data-animationoffset=\"top-into-view\" data-scroll-devices=\"small-visibility,medium-visibility,large-visibility\"><div class=\"fusion-column-wrapper fusion-column-has-shadow fusion-flex-justify-content-flex-start fusion-content-layout-column\"><div class=\"fusion-title title fusion-title-1 fusion-sep-none fusion-title-text fusion-title-size-two\"><h2 class=\"fusion-title-heading title-heading-left\" style=\"margin:0;\">LES KEBADIAN<\/h2><\/div><div class=\"fusion-separator fusion-full-width-sep\" style=\"align-self: center;margin-left: auto;margin-right: auto;margin-top:20px;margin-bottom:60px;width:100%;\"><div class=\"fusion-separator-border sep-shadow\" style=\"--awb-height:20px;--awb-amount:20px;background:radial-gradient(ellipse at 50% -50% , var(--awb-color3) 0px, rgba(255, 255, 255, 0) 80%) repeat scroll 0 0 rgba(0, 0, 0, 0);background:-webkit-radial-gradient(ellipse at 50% -50% , var(--awb-color3) 0px, rgba(255, 255, 255, 0) 80%) repeat scroll 0 0 rgba(0, 0, 0, 0);background:-moz-radial-gradient(ellipse at 50% -50% , var(--awb-color3) 0px, rgba(255, 255, 255, 0) 80%) repeat scroll 0 0 rgba(0, 0, 0, 0);background:-o-radial-gradient(ellipse at 50% -50% , var(--awb-color3) 0px, rgba(255, 255, 255, 0) 80%) repeat scroll 0 0 rgba(0, 0, 0, 0);\"><\/div><\/div><\/div><\/div><\/div><\/div><div class=\"fusion-fullwidth fullwidth-box fusion-builder-row-2 fusion-flex-container has-pattern-background has-mask-background nonhundred-percent-fullwidth non-hundred-percent-height-scrolling\" style=\"--awb-border-radius-top-left:0px;--awb-border-radius-top-right:0px;--awb-border-radius-bottom-right:0px;--awb-border-radius-bottom-left:0px;--awb-flex-wrap:wrap;\" ><div class=\"fusion-builder-row fusion-row fusion-flex-align-items-center fusion-flex-justify-content-center fusion-flex-content-wrap\" style=\"max-width:1300px;margin-left: calc(-4% \/ 2 );margin-right: calc(-4% \/ 2 );\"><div class=\"fusion-layout-column fusion_builder_column fusion-builder-column-1 fusion_builder_column_1_2 1_2 fusion-flex-column fusion-animated\" style=\"--awb-bg-size:cover;--awb-width-large:50%;--awb-margin-top-large:0px;--awb-spacing-right-large:3.84%;--awb-margin-bottom-large:20px;--awb-spacing-left-large:3.84%;--awb-width-medium:50%;--awb-order-medium:0;--awb-spacing-right-medium:3.84%;--awb-spacing-left-medium:3.84%;--awb-width-small:100%;--awb-order-small:0;--awb-spacing-right-small:1.92%;--awb-spacing-left-small:1.92%;\" data-animationtype=\"fadeInLeft\" data-animationduration=\"2.0\" data-animationoffset=\"top-into-view\" data-scroll-devices=\"small-visibility,medium-visibility,large-visibility\"><div class=\"fusion-column-wrapper fusion-column-has-shadow fusion-flex-justify-content-flex-start fusion-content-layout-column\"><div class=\"fusion-text fusion-text-1\" style=\"--awb-content-alignment:justify;\"><p>Exposition du 13 au 23 mai 2015<\/p>\n<p>C'est l'exposition des \u0153uvres de 3 g\u00e9n\u00e9rations d'une famille arm\u00e9nienne. La famille Kebadian, peintres, cin\u00e9astes, graffeurs, architectes\u2026 Cette exposition est en m\u00e9moire du g\u00e9nocide arm\u00e9nien, du point de vue d'une famille qui s'est battue pour sa reconnaissance et qui la voit enfin se r\u00e9aliser. C'est aussi la pr\u00e9sentation d'\u0153uvres individuelles des membres d'une famille de la diaspora arm\u00e9nienne : les Kebadian.<\/p>\n<p>CHOUCHAN KEBADIAN<br \/>\nJACQUES KEBADIAN<br \/>\nAIDA KEBADIAN<br \/>\nITVAN KEBADIAN<br \/>\nTIGRANE KEBADIAN &amp; RAFFAELLA FACCIOLI<\/p>\n<\/div><\/div><\/div><div class=\"fusion-layout-column fusion_builder_column fusion-builder-column-2 fusion_builder_column_1_2 1_2 fusion-flex-column fusion-animated\" style=\"--awb-bg-size:cover;--awb-width-large:50%;--awb-margin-top-large:0px;--awb-spacing-right-large:3.84%;--awb-margin-bottom-large:20px;--awb-spacing-left-large:3.84%;--awb-width-medium:50%;--awb-order-medium:0;--awb-spacing-right-medium:3.84%;--awb-spacing-left-medium:3.84%;--awb-width-small:100%;--awb-order-small:0;--awb-spacing-right-small:1.92%;--awb-spacing-left-small:1.92%;\" data-animationtype=\"fadeInLeft\" data-animationduration=\"2.0\" data-animationoffset=\"top-into-view\" data-scroll-devices=\"small-visibility,medium-visibility,large-visibility\"><div class=\"fusion-column-wrapper fusion-column-has-shadow fusion-flex-justify-content-flex-start fusion-content-layout-column\"><div class=\"fusion-image-element\" style=\"text-align:center;--awb-caption-title-font-family:var(--h2_typography-font-family);--awb-caption-title-font-weight:var(--h2_typography-font-weight);--awb-caption-title-font-style:var(--h2_typography-font-style);--awb-caption-title-size:var(--h2_typography-font-size);--awb-caption-title-transform:var(--h2_typography-text-transform);--awb-caption-title-line-height:var(--h2_typography-line-height);--awb-caption-title-letter-spacing:var(--h2_typography-letter-spacing);\"><span class=\"fusion-imageframe imageframe-none imageframe-1 hover-type-none\"><img decoding=\"async\" width=\"500\" height=\"335\" src=\"https:\/\/geraldinepostel.org\/wp-content\/uploads\/2024\/09\/tumblr_inline_nyffztH9mp1thrmn9_500.jpg\" alt class=\"img-responsive wp-image-692\" srcset=\"https:\/\/geraldinepostel.org\/wp-content\/uploads\/2024\/09\/tumblr_inline_nyffztH9mp1thrmn9_500-200x134.jpg 200w, https:\/\/geraldinepostel.org\/wp-content\/uploads\/2024\/09\/tumblr_inline_nyffztH9mp1thrmn9_500-400x268.jpg 400w, https:\/\/geraldinepostel.org\/wp-content\/uploads\/2024\/09\/tumblr_inline_nyffztH9mp1thrmn9_500.jpg 500w\" sizes=\"(max-width: 640px) 100vw, 500px\" \/><\/span><\/div><\/div><\/div><\/div><\/div><div class=\"fusion-fullwidth fullwidth-box fusion-builder-row-3 fusion-flex-container has-pattern-background has-mask-background hundred-percent-fullwidth non-hundred-percent-height-scrolling\" style=\"--awb-border-radius-top-left:0px;--awb-border-radius-top-right:0px;--awb-border-radius-bottom-right:0px;--awb-border-radius-bottom-left:0px;--awb-flex-wrap:wrap;\" ><div class=\"fusion-builder-row fusion-row fusion-flex-align-items-flex-start fusion-flex-content-wrap\" style=\"width:104% !important;max-width:104% !important;margin-left: calc(-4% \/ 2 );margin-right: calc(-4% \/ 2 );\"><div class=\"fusion-layout-column fusion_builder_column fusion-builder-column-3 fusion_builder_column_1_1 1_1 fusion-flex-column\" style=\"--awb-bg-size:cover;--awb-width-large:100%;--awb-margin-top-large:0px;--awb-spacing-right-large:1.92%;--awb-margin-bottom-large:20px;--awb-spacing-left-large:1.92%;--awb-width-medium:100%;--awb-order-medium:0;--awb-spacing-right-medium:1.92%;--awb-spacing-left-medium:1.92%;--awb-width-small:100%;--awb-order-small:0;--awb-spacing-right-small:1.92%;--awb-spacing-left-small:1.92%;\"><div class=\"fusion-column-wrapper fusion-column-has-shadow fusion-flex-justify-content-flex-start fusion-content-layout-column\"><div class=\"fusion-separator fusion-full-width-sep\" style=\"align-self: center;margin-left: auto;margin-right: auto;margin-top:60px;margin-bottom:60px;width:100%;\"><div class=\"fusion-separator-border sep-shadow\" style=\"--awb-height:20px;--awb-amount:20px;background:radial-gradient(ellipse at 50% -50% , var(--awb-color3) 0px, rgba(255, 255, 255, 0) 80%) repeat scroll 0 0 rgba(0, 0, 0, 0);background:-webkit-radial-gradient(ellipse at 50% -50% , var(--awb-color3) 0px, rgba(255, 255, 255, 0) 80%) repeat scroll 0 0 rgba(0, 0, 0, 0);background:-moz-radial-gradient(ellipse at 50% -50% , var(--awb-color3) 0px, rgba(255, 255, 255, 0) 80%) repeat scroll 0 0 rgba(0, 0, 0, 0);background:-o-radial-gradient(ellipse at 50% -50% , var(--awb-color3) 0px, rgba(255, 255, 255, 0) 80%) repeat scroll 0 0 rgba(0, 0, 0, 0);\"><\/div><\/div><div class=\"awb-gallery-wrapper awb-gallery-wrapper-1 button-span-no\" style=\"--more-btn-alignment:center;\"><div style=\"margin:-5px;--awb-bordersize:0px;\" class=\"fusion-gallery fusion-gallery-container fusion-grid-6 fusion-columns-total-6 fusion-gallery-layout-grid fusion-gallery-1\"><div style=\"padding:5px;\" class=\"fusion-grid-column fusion-gallery-column fusion-gallery-column-6\"><div class=\"fusion-gallery-image fusion-gallery-image-liftup\"><a href=\"https:\/\/geraldinepostel.org\/wp-content\/uploads\/2024\/09\/tumblr_inline_nyxy5j8EXL1thrmn9_500.jpg\" rel=\"noreferrer\" data-rel=\"iLightbox[gallery_image_1]\" class=\"fusion-lightbox\" target=\"_self\"><img decoding=\"async\" src=\"https:\/\/geraldinepostel.org\/wp-content\/uploads\/2024\/09\/tumblr_inline_nyxy5j8EXL1thrmn9_500.jpg\" width=\"500\" height=\"375\" alt=\"\" title=\"\" aria-label=\"\" class=\"img-responsive wp-image-698\" srcset=\"https:\/\/geraldinepostel.org\/wp-content\/uploads\/2024\/09\/tumblr_inline_nyxy5j8EXL1thrmn9_500-200x150.jpg 200w, https:\/\/geraldinepostel.org\/wp-content\/uploads\/2024\/09\/tumblr_inline_nyxy5j8EXL1thrmn9_500-400x300.jpg 400w, https:\/\/geraldinepostel.org\/wp-content\/uploads\/2024\/09\/tumblr_inline_nyxy5j8EXL1thrmn9_500.jpg 500w\" sizes=\"(min-width: 2200px) 100vw, (min-width: 1000px) 204px, (min-width: 928px) 245px, (min-width: 856px) 306px, (min-width: 784px) 408px, (min-width: 712px) 613px, (min-width: 640px) 712px, \" \/><\/a><\/div><\/div><div style=\"padding:5px;\" class=\"fusion-grid-column fusion-gallery-column fusion-gallery-column-6\"><div class=\"fusion-gallery-image fusion-gallery-image-liftup\"><a href=\"https:\/\/geraldinepostel.org\/wp-content\/uploads\/2024\/09\/tumblr_inline_nyxxzteHva1thrmn9_500.jpg\" rel=\"noreferrer\" data-rel=\"iLightbox[gallery_image_1]\" class=\"fusion-lightbox\" target=\"_self\"><img decoding=\"async\" src=\"https:\/\/geraldinepostel.org\/wp-content\/uploads\/2024\/09\/tumblr_inline_nyxxzteHva1thrmn9_500.jpg\" width=\"500\" height=\"375\" alt=\"\" title=\"\" aria-label=\"\" class=\"img-responsive wp-image-697\" srcset=\"https:\/\/geraldinepostel.org\/wp-content\/uploads\/2024\/09\/tumblr_inline_nyxxzteHva1thrmn9_500-200x150.jpg 200w, https:\/\/geraldinepostel.org\/wp-content\/uploads\/2024\/09\/tumblr_inline_nyxxzteHva1thrmn9_500-400x300.jpg 400w, https:\/\/geraldinepostel.org\/wp-content\/uploads\/2024\/09\/tumblr_inline_nyxxzteHva1thrmn9_500.jpg 500w\" sizes=\"(min-width: 2200px) 100vw, (min-width: 1000px) 204px, (min-width: 928px) 245px, (min-width: 856px) 306px, (min-width: 784px) 408px, (min-width: 712px) 613px, (min-width: 640px) 712px, \" \/><\/a><\/div><\/div><div style=\"padding:5px;\" class=\"fusion-grid-column fusion-gallery-column fusion-gallery-column-6\"><div class=\"fusion-gallery-image fusion-gallery-image-liftup\"><a href=\"https:\/\/geraldinepostel.org\/wp-content\/uploads\/2024\/09\/tumblr_inline_nyxxyr3RiV1thrmn9_500.jpg\" rel=\"noreferrer\" data-rel=\"iLightbox[gallery_image_1]\" class=\"fusion-lightbox\" target=\"_self\"><img decoding=\"async\" src=\"https:\/\/geraldinepostel.org\/wp-content\/uploads\/2024\/09\/tumblr_inline_nyxxyr3RiV1thrmn9_500.jpg\" width=\"500\" height=\"375\" alt=\"\" title=\"\" aria-label=\"\" class=\"img-responsive wp-image-696\" srcset=\"https:\/\/geraldinepostel.org\/wp-content\/uploads\/2024\/09\/tumblr_inline_nyxxyr3RiV1thrmn9_500-200x150.jpg 200w, https:\/\/geraldinepostel.org\/wp-content\/uploads\/2024\/09\/tumblr_inline_nyxxyr3RiV1thrmn9_500-400x300.jpg 400w, https:\/\/geraldinepostel.org\/wp-content\/uploads\/2024\/09\/tumblr_inline_nyxxyr3RiV1thrmn9_500.jpg 500w\" sizes=\"(min-width: 2200px) 100vw, (min-width: 1000px) 204px, (min-width: 928px) 245px, (min-width: 856px) 306px, (min-width: 784px) 408px, (min-width: 712px) 613px, (min-width: 640px) 712px, \" \/><\/a><\/div><\/div><div style=\"padding:5px;\" class=\"fusion-grid-column fusion-gallery-column fusion-gallery-column-6\"><div class=\"fusion-gallery-image fusion-gallery-image-liftup\"><a href=\"https:\/\/geraldinepostel.org\/wp-content\/uploads\/2024\/09\/tumblr_inline_nyxxy3QLZU1thrmn9_500.jpg\" rel=\"noreferrer\" data-rel=\"iLightbox[gallery_image_1]\" class=\"fusion-lightbox\" target=\"_self\"><img decoding=\"async\" src=\"https:\/\/geraldinepostel.org\/wp-content\/uploads\/2024\/09\/tumblr_inline_nyxxy3QLZU1thrmn9_500.jpg\" width=\"500\" height=\"375\" alt=\"\" title=\"\" aria-label=\"\" class=\"img-responsive wp-image-695\" srcset=\"https:\/\/geraldinepostel.org\/wp-content\/uploads\/2024\/09\/tumblr_inline_nyxxy3QLZU1thrmn9_500-200x150.jpg 200w, https:\/\/geraldinepostel.org\/wp-content\/uploads\/2024\/09\/tumblr_inline_nyxxy3QLZU1thrmn9_500-400x300.jpg 400w, https:\/\/geraldinepostel.org\/wp-content\/uploads\/2024\/09\/tumblr_inline_nyxxy3QLZU1thrmn9_500.jpg 500w\" sizes=\"(min-width: 2200px) 100vw, (min-width: 1000px) 204px, (min-width: 928px) 245px, (min-width: 856px) 306px, (min-width: 784px) 408px, (min-width: 712px) 613px, (min-width: 640px) 712px, \" \/><\/a><\/div><\/div><div style=\"padding:5px;\" class=\"fusion-grid-column fusion-gallery-column fusion-gallery-column-6\"><div class=\"fusion-gallery-image fusion-gallery-image-liftup\"><a href=\"https:\/\/geraldinepostel.org\/wp-content\/uploads\/2024\/09\/tumblr_inline_nyxxqrHhiG1thrmn9_500.jpg\" rel=\"noreferrer\" data-rel=\"iLightbox[gallery_image_1]\" class=\"fusion-lightbox\" target=\"_self\"><img decoding=\"async\" src=\"https:\/\/geraldinepostel.org\/wp-content\/uploads\/2024\/09\/tumblr_inline_nyxxqrHhiG1thrmn9_500.jpg\" width=\"500\" height=\"375\" alt=\"\" title=\"\" aria-label=\"\" class=\"img-responsive wp-image-694\" srcset=\"https:\/\/geraldinepostel.org\/wp-content\/uploads\/2024\/09\/tumblr_inline_nyxxqrHhiG1thrmn9_500-200x150.jpg 200w, https:\/\/geraldinepostel.org\/wp-content\/uploads\/2024\/09\/tumblr_inline_nyxxqrHhiG1thrmn9_500-400x300.jpg 400w, https:\/\/geraldinepostel.org\/wp-content\/uploads\/2024\/09\/tumblr_inline_nyxxqrHhiG1thrmn9_500.jpg 500w\" sizes=\"(min-width: 2200px) 100vw, (min-width: 1000px) 204px, (min-width: 928px) 245px, (min-width: 856px) 306px, (min-width: 784px) 408px, (min-width: 712px) 613px, (min-width: 640px) 712px, \" \/><\/a><\/div><\/div><div style=\"padding:5px;\" class=\"fusion-grid-column fusion-gallery-column fusion-gallery-column-6\"><div class=\"fusion-gallery-image fusion-gallery-image-liftup\"><a href=\"https:\/\/geraldinepostel.org\/wp-content\/uploads\/2024\/09\/tumblr_inline_nyfg037wo81thrmn9_500.jpg\" rel=\"noreferrer\" data-rel=\"iLightbox[gallery_image_1]\" class=\"fusion-lightbox\" target=\"_self\"><img decoding=\"async\" src=\"https:\/\/geraldinepostel.org\/wp-content\/uploads\/2024\/09\/tumblr_inline_nyfg037wo81thrmn9_500.jpg\" width=\"500\" height=\"335\" alt=\"\" title=\"\" aria-label=\"\" class=\"img-responsive wp-image-693\" srcset=\"https:\/\/geraldinepostel.org\/wp-content\/uploads\/2024\/09\/tumblr_inline_nyfg037wo81thrmn9_500-200x134.jpg 200w, https:\/\/geraldinepostel.org\/wp-content\/uploads\/2024\/09\/tumblr_inline_nyfg037wo81thrmn9_500-400x268.jpg 400w, https:\/\/geraldinepostel.org\/wp-content\/uploads\/2024\/09\/tumblr_inline_nyfg037wo81thrmn9_500.jpg 500w\" sizes=\"(min-width: 2200px) 100vw, (min-width: 1000px) 204px, (min-width: 928px) 245px, (min-width: 856px) 306px, (min-width: 784px) 408px, (min-width: 712px) 613px, (min-width: 640px) 712px, \" \/><\/a><\/div><\/div><div class=\"clearfix\"><\/div><\/div><\/div><\/div><\/div><\/div><\/div><\/p>","protected":false},"excerpt":{"rendered":"","protected":false},"author":1,"featured_media":282,"parent":357,"menu_order":0,"comment_status":"closed","ping_status":"closed","template":"100-width.php","meta":{"footnotes":""},"class_list":["post-691","page","type-page","status-publish","has-post-thumbnail","hentry"],"_links":{"self":[{"href":"https:\/\/geraldinepostel.org\/fr\/wp-json\/wp\/v2\/pages\/691","targetHints":{"allow":["GET"]}}],"collection":[{"href":"https:\/\/geraldinepostel.org\/fr\/wp-json\/wp\/v2\/pages"}],"about":[{"href":"https:\/\/geraldinepostel.org\/fr\/wp-json\/wp\/v2\/types\/page"}],"author":[{"embeddable":true,"href":"https:\/\/geraldinepostel.org\/fr\/wp-json\/wp\/v2\/users\/1"}],"replies":[{"embeddable":true,"href":"https:\/\/geraldinepostel.org\/fr\/wp-json\/wp\/v2\/comments?post=691"}],"version-history":[{"count":6,"href":"https:\/\/geraldinepostel.org\/fr\/wp-json\/wp\/v2\/pages\/691\/revisions"}],"predecessor-version":[{"id":704,"href":"https:\/\/geraldinepostel.org\/fr\/wp-json\/wp\/v2\/pages\/691\/revisions\/704"}],"up":[{"embeddable":true,"href":"https:\/\/geraldinepostel.org\/fr\/wp-json\/wp\/v2\/pages\/357"}],"wp:featuredmedia":[{"embeddable":true,"href":"https:\/\/geraldinepostel.org\/fr\/wp-json\/wp\/v2\/media\/282"}],"wp:attachment":[{"href":"https:\/\/geraldinepostel.org\/fr\/wp-json\/wp\/v2\/media?parent=691"}],"curies":[{"name":"wp","href":"https:\/\/api.w.org\/{rel}","templated":true}]}}