{"id":668,"date":"2024-09-07T03:13:11","date_gmt":"2024-09-07T03:13:11","guid":{"rendered":"https:\/\/geraldinepostel.org\/?page_id=668"},"modified":"2024-09-07T19:44:49","modified_gmt":"2024-09-07T19:44:49","slug":"devon-dikeou","status":"publish","type":"page","link":"https:\/\/geraldinepostel.org\/fr\/art\/devon-dikeou","title":{"rendered":"DEVON DIKEOU"},"content":{"rendered":"<p><div class=\"fusion-fullwidth fullwidth-box fusion-builder-row-1 fusion-flex-container has-pattern-background has-mask-background hundred-percent-fullwidth non-hundred-percent-height-scrolling\" style=\"--awb-border-radius-top-left:0px;--awb-border-radius-top-right:0px;--awb-border-radius-bottom-right:0px;--awb-border-radius-bottom-left:0px;--awb-flex-wrap:wrap;\" ><div class=\"fusion-builder-row fusion-row fusion-flex-align-items-flex-start fusion-flex-content-wrap\" style=\"width:104% !important;max-width:104% !important;margin-left: calc(-4% \/ 2 );margin-right: calc(-4% \/ 2 );\"><div class=\"fusion-layout-column fusion_builder_column fusion-builder-column-0 fusion_builder_column_1_1 1_1 fusion-flex-column fusion-animated\" style=\"--awb-bg-size:cover;--awb-width-large:100%;--awb-margin-top-large:0px;--awb-spacing-right-large:1.92%;--awb-margin-bottom-large:20px;--awb-spacing-left-large:1.92%;--awb-width-medium:100%;--awb-order-medium:0;--awb-spacing-right-medium:1.92%;--awb-spacing-left-medium:1.92%;--awb-width-small:100%;--awb-order-small:0;--awb-spacing-right-small:1.92%;--awb-spacing-left-small:1.92%;\" data-animationtype=\"fadeInLeft\" data-animationduration=\"2.0\" data-animationoffset=\"top-into-view\" data-scroll-devices=\"small-visibility,medium-visibility,large-visibility\"><div class=\"fusion-column-wrapper fusion-column-has-shadow fusion-flex-justify-content-flex-start fusion-content-layout-column\"><div class=\"fusion-title title fusion-title-1 fusion-sep-none fusion-title-text fusion-title-size-two\"><h2 class=\"fusion-title-heading title-heading-left\" style=\"margin:0;\">Devon Dikeou<\/h2><\/div><div class=\"fusion-separator fusion-full-width-sep\" style=\"align-self: center;margin-left: auto;margin-right: auto;margin-top:20px;margin-bottom:60px;width:100%;\"><div class=\"fusion-separator-border sep-shadow\" style=\"--awb-height:20px;--awb-amount:20px;background:radial-gradient(ellipse at 50% -50% , var(--awb-color3) 0px, rgba(255, 255, 255, 0) 80%) repeat scroll 0 0 rgba(0, 0, 0, 0);background:-webkit-radial-gradient(ellipse at 50% -50% , var(--awb-color3) 0px, rgba(255, 255, 255, 0) 80%) repeat scroll 0 0 rgba(0, 0, 0, 0);background:-moz-radial-gradient(ellipse at 50% -50% , var(--awb-color3) 0px, rgba(255, 255, 255, 0) 80%) repeat scroll 0 0 rgba(0, 0, 0, 0);background:-o-radial-gradient(ellipse at 50% -50% , var(--awb-color3) 0px, rgba(255, 255, 255, 0) 80%) repeat scroll 0 0 rgba(0, 0, 0, 0);\"><\/div><\/div><\/div><\/div><\/div><\/div><div class=\"fusion-fullwidth fullwidth-box fusion-builder-row-2 fusion-flex-container has-pattern-background has-mask-background nonhundred-percent-fullwidth non-hundred-percent-height-scrolling\" style=\"--awb-border-radius-top-left:0px;--awb-border-radius-top-right:0px;--awb-border-radius-bottom-right:0px;--awb-border-radius-bottom-left:0px;--awb-flex-wrap:wrap;\" ><div class=\"fusion-builder-row fusion-row fusion-flex-align-items-flex-start fusion-flex-content-wrap\" style=\"max-width:1300px;margin-left: calc(-4% \/ 2 );margin-right: calc(-4% \/ 2 );\"><div class=\"fusion-layout-column fusion_builder_column fusion-builder-column-1 fusion_builder_column_1_2 1_2 fusion-flex-column fusion-animated\" style=\"--awb-bg-size:cover;--awb-width-large:50%;--awb-margin-top-large:0px;--awb-spacing-right-large:3.84%;--awb-margin-bottom-large:20px;--awb-spacing-left-large:3.84%;--awb-width-medium:50%;--awb-order-medium:0;--awb-spacing-right-medium:3.84%;--awb-spacing-left-medium:3.84%;--awb-width-small:100%;--awb-order-small:0;--awb-spacing-right-small:1.92%;--awb-spacing-left-small:1.92%;\" data-animationtype=\"fadeInLeft\" data-animationduration=\"2.0\" data-animationoffset=\"top-into-view\" data-scroll-devices=\"small-visibility,medium-visibility,large-visibility\"><div class=\"fusion-column-wrapper fusion-column-has-shadow fusion-flex-justify-content-flex-start fusion-content-layout-column\"><div class=\"fusion-text fusion-text-1\" style=\"--awb-content-alignment:justify;\"><p>\u00ab Please \u00bb est une s\u00e9rie photographique recr\u00e9ant les seize derniers tableaux peints par Edouard Manet alors qu\u2019il mourait de la syphilis. Les seize tableaux de Manet \u00e9taient de petite taille et chacun repr\u00e9sentait un bouquet de fleurs fra\u00eeches dans des vases en verre. Pour la s\u00e9rie photographique, chaque vase a \u00e9t\u00e9 refait \u00e0 la main par un souffleur de verre, et chaque composition florale a \u00e9t\u00e9 m\u00e9ticuleusement \u00e9tudi\u00e9e, reproduite et r\u00e9pliqu\u00e9e fleur par fleur, tige par tige, fleur par fleur et photographi\u00e9e dans la m\u00eame position que chacune repose dans les peintures originales de Manet. De plus, les photographies ont ensuite \u00e9t\u00e9 agrandies aux dimensions exactes des peintures existantes de Manet. Pour l\u2019exposition, les vases souffl\u00e9s \u00e0 la main sont expos\u00e9s sur une table antique de la m\u00eame p\u00e9riode que celle o\u00f9 les peintures ont \u00e9t\u00e9 peintes, vides et comme des objets en soi. Les seize reproductions photographiques et les dix vases sont visibles apr\u00e8s \u00eatre entr\u00e9s dans une vitrine labyrinthique de type bo\u00eete chinoise tapiss\u00e9e d\u2019un faux motif de marbre et la derni\u00e8re vitrine offre deux miroirs en fonte de style d\u2019\u00e9poque cr\u00e9ant un effet miroir infini des photos et des vases. De plus, dans l\u2019espace annexe, les fleurs utilis\u00e9es pour la s\u00e9ance photo ont \u00e9t\u00e9 s\u00e9ch\u00e9es et les feuilles de chaque bouquet ont \u00e9t\u00e9 plac\u00e9es dans des bocaux Pace Picante vides et sont expos\u00e9es sur une autre table ancienne du XIXe si\u00e8cle et refl\u00e8tent la position du lieu de commande, Artpace \u00e0 San Antonio, au Texas. Enfin, il y a une photo du Dallas Museum of Art, qui, dans sa section Arts d\u00e9coratifs, abrite l\u2019un des tableaux de Manet reproduits, dans une maison reproduite appartenant \u00e0 l\u2019origine \u00e0 Coco Chanel, qui a \u00e9t\u00e9 vendue, domicili\u00e9e, mais finalement donn\u00e9e par Wendy et Emory Reeves. Le tableau de Manet est absent de cette photo et, comme les bocaux Pace Picante, fait allusion au r\u00f4le de collectionneur, de m\u00e9c\u00e8ne, d\u2019artiste et de lieu \u2013 quelque chose qui int\u00e9ressait beaucoup Manet. Enfin, le titre est une extrapolation d\u2019un essai de Peter Schjeldahl, \u00ab Edouard Manet \u00bb, dans lequel il d\u00e9crit le peintre comme un homme qui voulait simplement plaire au public tout en abordant des sujets aussi divers ou interconnect\u00e9s que la richesse, le souvenir, l\u2019amour, le sexe, la mort, la perte. L\u2019installation vise \u00e0 jouer sur les id\u00e9es du \u00ab please \u00bb, \u00e0 la fois le plaisir et sa salutation instructive, tout en questionnant les r\u00f4les de commanditaire, de collectionneur, d\u2019artiste, de spectateur, de contexte.<\/p>\n<\/div><\/div><\/div><div class=\"fusion-layout-column fusion_builder_column fusion-builder-column-2 fusion_builder_column_1_2 1_2 fusion-flex-column fusion-animated\" style=\"--awb-bg-size:cover;--awb-width-large:50%;--awb-margin-top-large:0px;--awb-spacing-right-large:3.84%;--awb-margin-bottom-large:20px;--awb-spacing-left-large:3.84%;--awb-width-medium:50%;--awb-order-medium:0;--awb-spacing-right-medium:3.84%;--awb-spacing-left-medium:3.84%;--awb-width-small:100%;--awb-order-small:0;--awb-spacing-right-small:1.92%;--awb-spacing-left-small:1.92%;\" data-animationtype=\"fadeInLeft\" data-animationduration=\"2.0\" data-animationoffset=\"top-into-view\" data-scroll-devices=\"small-visibility,medium-visibility,large-visibility\"><div class=\"fusion-column-wrapper fusion-column-has-shadow fusion-flex-justify-content-flex-start fusion-content-layout-column\"><div class=\"fusion-image-element\" style=\"text-align:center;--awb-caption-title-font-family:var(--h2_typography-font-family);--awb-caption-title-font-weight:var(--h2_typography-font-weight);--awb-caption-title-font-style:var(--h2_typography-font-style);--awb-caption-title-size:var(--h2_typography-font-size);--awb-caption-title-transform:var(--h2_typography-text-transform);--awb-caption-title-line-height:var(--h2_typography-line-height);--awb-caption-title-letter-spacing:var(--h2_typography-letter-spacing);\"><span class=\"fusion-imageframe imageframe-none imageframe-1 hover-type-none\"><img decoding=\"async\" width=\"500\" height=\"602\" src=\"https:\/\/geraldinepostel.org\/wp-content\/uploads\/2024\/09\/tumblr_inline_nyfgwsfy3o1thrmn9_500.png\" alt class=\"img-responsive wp-image-677\" srcset=\"https:\/\/geraldinepostel.org\/wp-content\/uploads\/2024\/09\/tumblr_inline_nyfgwsfy3o1thrmn9_500-200x241.png 200w, https:\/\/geraldinepostel.org\/wp-content\/uploads\/2024\/09\/tumblr_inline_nyfgwsfy3o1thrmn9_500-400x482.png 400w, https:\/\/geraldinepostel.org\/wp-content\/uploads\/2024\/09\/tumblr_inline_nyfgwsfy3o1thrmn9_500.png 500w\" sizes=\"(max-width: 640px) 100vw, 500px\" \/><\/span><\/div><\/div><\/div><\/div><\/div><div class=\"fusion-fullwidth fullwidth-box fusion-builder-row-3 fusion-flex-container has-pattern-background has-mask-background hundred-percent-fullwidth non-hundred-percent-height-scrolling\" style=\"--awb-border-radius-top-left:0px;--awb-border-radius-top-right:0px;--awb-border-radius-bottom-right:0px;--awb-border-radius-bottom-left:0px;--awb-flex-wrap:wrap;\" ><div class=\"fusion-builder-row fusion-row fusion-flex-align-items-flex-start fusion-flex-content-wrap\" style=\"width:104% !important;max-width:104% !important;margin-left: calc(-4% \/ 2 );margin-right: calc(-4% \/ 2 );\"><div class=\"fusion-layout-column fusion_builder_column fusion-builder-column-3 fusion_builder_column_1_1 1_1 fusion-flex-column\" style=\"--awb-bg-size:cover;--awb-width-large:100%;--awb-margin-top-large:0px;--awb-spacing-right-large:1.92%;--awb-margin-bottom-large:20px;--awb-spacing-left-large:1.92%;--awb-width-medium:100%;--awb-order-medium:0;--awb-spacing-right-medium:1.92%;--awb-spacing-left-medium:1.92%;--awb-width-small:100%;--awb-order-small:0;--awb-spacing-right-small:1.92%;--awb-spacing-left-small:1.92%;\"><div class=\"fusion-column-wrapper fusion-column-has-shadow fusion-flex-justify-content-flex-start fusion-content-layout-column\"><div class=\"fusion-separator fusion-full-width-sep\" style=\"align-self: center;margin-left: auto;margin-right: auto;margin-top:60px;margin-bottom:60px;width:100%;\"><div class=\"fusion-separator-border sep-shadow\" style=\"--awb-height:20px;--awb-amount:20px;background:radial-gradient(ellipse at 50% -50% , var(--awb-color3) 0px, rgba(255, 255, 255, 0) 80%) repeat scroll 0 0 rgba(0, 0, 0, 0);background:-webkit-radial-gradient(ellipse at 50% -50% , var(--awb-color3) 0px, rgba(255, 255, 255, 0) 80%) repeat scroll 0 0 rgba(0, 0, 0, 0);background:-moz-radial-gradient(ellipse at 50% -50% , var(--awb-color3) 0px, rgba(255, 255, 255, 0) 80%) repeat scroll 0 0 rgba(0, 0, 0, 0);background:-o-radial-gradient(ellipse at 50% -50% , var(--awb-color3) 0px, rgba(255, 255, 255, 0) 80%) repeat scroll 0 0 rgba(0, 0, 0, 0);\"><\/div><\/div><div class=\"awb-gallery-wrapper awb-gallery-wrapper-1 button-span-no\" style=\"--more-btn-alignment:center;\"><div style=\"margin:-5px;--awb-bordersize:0px;\" class=\"fusion-gallery fusion-gallery-container fusion-grid-5 fusion-columns-total-5 fusion-gallery-layout-grid fusion-gallery-1\"><div style=\"padding:5px;\" class=\"fusion-grid-column fusion-gallery-column fusion-gallery-column-5\"><div class=\"fusion-gallery-image fusion-gallery-image-liftup\"><a href=\"https:\/\/geraldinepostel.org\/wp-content\/uploads\/2024\/09\/tumblr_inline_nyqd4jb0nM1thrmn9_500.jpg\" rel=\"noreferrer\" data-rel=\"iLightbox[gallery_image_1]\" class=\"fusion-lightbox\" target=\"_self\"><img decoding=\"async\" src=\"https:\/\/geraldinepostel.org\/wp-content\/uploads\/2024\/09\/tumblr_inline_nyqd4jb0nM1thrmn9_500.jpg\" width=\"500\" height=\"333\" alt=\"\" title=\"\" aria-label=\"\" class=\"img-responsive wp-image-670\" srcset=\"https:\/\/geraldinepostel.org\/wp-content\/uploads\/2024\/09\/tumblr_inline_nyqd4jb0nM1thrmn9_500-200x133.jpg 200w, https:\/\/geraldinepostel.org\/wp-content\/uploads\/2024\/09\/tumblr_inline_nyqd4jb0nM1thrmn9_500-400x266.jpg 400w, https:\/\/geraldinepostel.org\/wp-content\/uploads\/2024\/09\/tumblr_inline_nyqd4jb0nM1thrmn9_500.jpg 500w\" sizes=\"(min-width: 2200px) 100vw, (min-width: 928px) 246px, (min-width: 856px) 308px, (min-width: 784px) 410px, (min-width: 712px) 615px, (min-width: 640px) 712px, \" \/><\/a><\/div><\/div><div style=\"padding:5px;\" class=\"fusion-grid-column fusion-gallery-column fusion-gallery-column-5\"><div class=\"fusion-gallery-image fusion-gallery-image-liftup\"><a href=\"https:\/\/geraldinepostel.org\/wp-content\/uploads\/2024\/09\/tumblr_inline_nyqdy2LM7f1thrmn9_500.jpg\" rel=\"noreferrer\" data-rel=\"iLightbox[gallery_image_1]\" class=\"fusion-lightbox\" target=\"_self\"><img decoding=\"async\" src=\"https:\/\/geraldinepostel.org\/wp-content\/uploads\/2024\/09\/tumblr_inline_nyqdy2LM7f1thrmn9_500.jpg\" width=\"500\" height=\"333\" alt=\"\" title=\"\" aria-label=\"\" class=\"img-responsive wp-image-671\" srcset=\"https:\/\/geraldinepostel.org\/wp-content\/uploads\/2024\/09\/tumblr_inline_nyqdy2LM7f1thrmn9_500-200x133.jpg 200w, https:\/\/geraldinepostel.org\/wp-content\/uploads\/2024\/09\/tumblr_inline_nyqdy2LM7f1thrmn9_500-400x266.jpg 400w, https:\/\/geraldinepostel.org\/wp-content\/uploads\/2024\/09\/tumblr_inline_nyqdy2LM7f1thrmn9_500.jpg 500w\" sizes=\"(min-width: 2200px) 100vw, (min-width: 928px) 246px, (min-width: 856px) 308px, (min-width: 784px) 410px, (min-width: 712px) 615px, (min-width: 640px) 712px, \" \/><\/a><\/div><\/div><div style=\"padding:5px;\" class=\"fusion-grid-column fusion-gallery-column fusion-gallery-column-5\"><div class=\"fusion-gallery-image fusion-gallery-image-liftup\"><a href=\"https:\/\/geraldinepostel.org\/wp-content\/uploads\/2024\/09\/tumblr_inline_nyqdyus9CO1thrmn9_500.jpg\" rel=\"noreferrer\" data-rel=\"iLightbox[gallery_image_1]\" class=\"fusion-lightbox\" target=\"_self\"><img decoding=\"async\" src=\"https:\/\/geraldinepostel.org\/wp-content\/uploads\/2024\/09\/tumblr_inline_nyqdyus9CO1thrmn9_500.jpg\" width=\"500\" height=\"333\" alt=\"\" title=\"\" aria-label=\"\" class=\"img-responsive wp-image-672\" srcset=\"https:\/\/geraldinepostel.org\/wp-content\/uploads\/2024\/09\/tumblr_inline_nyqdyus9CO1thrmn9_500-200x133.jpg 200w, https:\/\/geraldinepostel.org\/wp-content\/uploads\/2024\/09\/tumblr_inline_nyqdyus9CO1thrmn9_500-400x266.jpg 400w, https:\/\/geraldinepostel.org\/wp-content\/uploads\/2024\/09\/tumblr_inline_nyqdyus9CO1thrmn9_500.jpg 500w\" sizes=\"(min-width: 2200px) 100vw, (min-width: 928px) 246px, (min-width: 856px) 308px, (min-width: 784px) 410px, (min-width: 712px) 615px, (min-width: 640px) 712px, \" \/><\/a><\/div><\/div><div style=\"padding:5px;\" class=\"fusion-grid-column fusion-gallery-column fusion-gallery-column-5\"><div class=\"fusion-gallery-image fusion-gallery-image-liftup\"><a href=\"https:\/\/geraldinepostel.org\/wp-content\/uploads\/2024\/09\/tumblr_inline_nyqhkp3cvq1thrmn9_500.jpg\" rel=\"noreferrer\" data-rel=\"iLightbox[gallery_image_1]\" class=\"fusion-lightbox\" target=\"_self\"><img decoding=\"async\" src=\"https:\/\/geraldinepostel.org\/wp-content\/uploads\/2024\/09\/tumblr_inline_nyqhkp3cvq1thrmn9_500.jpg\" width=\"500\" height=\"333\" alt=\"\" title=\"\" aria-label=\"\" class=\"img-responsive wp-image-674\" srcset=\"https:\/\/geraldinepostel.org\/wp-content\/uploads\/2024\/09\/tumblr_inline_nyqhkp3cvq1thrmn9_500-200x133.jpg 200w, https:\/\/geraldinepostel.org\/wp-content\/uploads\/2024\/09\/tumblr_inline_nyqhkp3cvq1thrmn9_500-400x266.jpg 400w, https:\/\/geraldinepostel.org\/wp-content\/uploads\/2024\/09\/tumblr_inline_nyqhkp3cvq1thrmn9_500.jpg 500w\" sizes=\"(min-width: 2200px) 100vw, (min-width: 928px) 246px, (min-width: 856px) 308px, (min-width: 784px) 410px, (min-width: 712px) 615px, (min-width: 640px) 712px, \" \/><\/a><\/div><\/div><div style=\"padding:5px;\" class=\"fusion-grid-column fusion-gallery-column fusion-gallery-column-5\"><div class=\"fusion-gallery-image fusion-gallery-image-liftup\"><a href=\"https:\/\/geraldinepostel.org\/wp-content\/uploads\/2024\/09\/tumblr_inline_nyqhlftWCy1thrmn9_500.jpg\" rel=\"noreferrer\" data-rel=\"iLightbox[gallery_image_1]\" class=\"fusion-lightbox\" target=\"_self\"><img decoding=\"async\" src=\"https:\/\/geraldinepostel.org\/wp-content\/uploads\/2024\/09\/tumblr_inline_nyqhlftWCy1thrmn9_500.jpg\" width=\"500\" height=\"333\" alt=\"\" title=\"\" aria-label=\"\" class=\"img-responsive wp-image-675\" srcset=\"https:\/\/geraldinepostel.org\/wp-content\/uploads\/2024\/09\/tumblr_inline_nyqhlftWCy1thrmn9_500-200x133.jpg 200w, https:\/\/geraldinepostel.org\/wp-content\/uploads\/2024\/09\/tumblr_inline_nyqhlftWCy1thrmn9_500-400x266.jpg 400w, https:\/\/geraldinepostel.org\/wp-content\/uploads\/2024\/09\/tumblr_inline_nyqhlftWCy1thrmn9_500.jpg 500w\" sizes=\"(min-width: 2200px) 100vw, (min-width: 928px) 246px, (min-width: 856px) 308px, (min-width: 784px) 410px, (min-width: 712px) 615px, (min-width: 640px) 712px, \" \/><\/a><\/div><\/div><div class=\"clearfix\"><\/div><\/div><\/div><\/div><\/div><\/div><\/div><\/p>","protected":false},"excerpt":{"rendered":"","protected":false},"author":1,"featured_media":282,"parent":357,"menu_order":0,"comment_status":"closed","ping_status":"closed","template":"100-width.php","meta":{"footnotes":""},"class_list":["post-668","page","type-page","status-publish","has-post-thumbnail","hentry"],"_links":{"self":[{"href":"https:\/\/geraldinepostel.org\/fr\/wp-json\/wp\/v2\/pages\/668","targetHints":{"allow":["GET"]}}],"collection":[{"href":"https:\/\/geraldinepostel.org\/fr\/wp-json\/wp\/v2\/pages"}],"about":[{"href":"https:\/\/geraldinepostel.org\/fr\/wp-json\/wp\/v2\/types\/page"}],"author":[{"embeddable":true,"href":"https:\/\/geraldinepostel.org\/fr\/wp-json\/wp\/v2\/users\/1"}],"replies":[{"embeddable":true,"href":"https:\/\/geraldinepostel.org\/fr\/wp-json\/wp\/v2\/comments?post=668"}],"version-history":[{"count":14,"href":"https:\/\/geraldinepostel.org\/fr\/wp-json\/wp\/v2\/pages\/668\/revisions"}],"predecessor-version":[{"id":798,"href":"https:\/\/geraldinepostel.org\/fr\/wp-json\/wp\/v2\/pages\/668\/revisions\/798"}],"up":[{"embeddable":true,"href":"https:\/\/geraldinepostel.org\/fr\/wp-json\/wp\/v2\/pages\/357"}],"wp:featuredmedia":[{"embeddable":true,"href":"https:\/\/geraldinepostel.org\/fr\/wp-json\/wp\/v2\/media\/282"}],"wp:attachment":[{"href":"https:\/\/geraldinepostel.org\/fr\/wp-json\/wp\/v2\/media?parent=668"}],"curies":[{"name":"wp","href":"https:\/\/api.w.org\/{rel}","templated":true}]}}