{"id":637,"date":"2024-09-07T00:59:55","date_gmt":"2024-09-07T00:59:55","guid":{"rendered":"https:\/\/geraldinepostel.org\/?page_id=637"},"modified":"2024-09-07T08:35:10","modified_gmt":"2024-09-07T08:35:10","slug":"paul-mouginot","status":"publish","type":"page","link":"https:\/\/geraldinepostel.org\/fr\/art\/paul-mouginot","title":{"rendered":"PAUL MOUGINOT"},"content":{"rendered":"<p><div class=\"fusion-fullwidth fullwidth-box fusion-builder-row-1 fusion-flex-container has-pattern-background has-mask-background hundred-percent-fullwidth non-hundred-percent-height-scrolling\" style=\"--awb-border-radius-top-left:0px;--awb-border-radius-top-right:0px;--awb-border-radius-bottom-right:0px;--awb-border-radius-bottom-left:0px;--awb-flex-wrap:wrap;\" ><div class=\"fusion-builder-row fusion-row fusion-flex-align-items-flex-start fusion-flex-content-wrap\" style=\"width:104% !important;max-width:104% !important;margin-left: calc(-4% \/ 2 );margin-right: calc(-4% \/ 2 );\"><div class=\"fusion-layout-column fusion_builder_column fusion-builder-column-0 fusion_builder_column_1_1 1_1 fusion-flex-column fusion-animated\" style=\"--awb-bg-size:cover;--awb-width-large:100%;--awb-margin-top-large:0px;--awb-spacing-right-large:1.92%;--awb-margin-bottom-large:20px;--awb-spacing-left-large:1.92%;--awb-width-medium:100%;--awb-order-medium:0;--awb-spacing-right-medium:1.92%;--awb-spacing-left-medium:1.92%;--awb-width-small:100%;--awb-order-small:0;--awb-spacing-right-small:1.92%;--awb-spacing-left-small:1.92%;\" data-animationtype=\"fadeInLeft\" data-animationduration=\"2.0\" data-animationoffset=\"top-into-view\" data-scroll-devices=\"small-visibility,medium-visibility,large-visibility\"><div class=\"fusion-column-wrapper fusion-column-has-shadow fusion-flex-justify-content-flex-start fusion-content-layout-column\"><div class=\"fusion-title title fusion-title-1 fusion-sep-none fusion-title-text fusion-title-size-two\"><h2 class=\"fusion-title-heading title-heading-left\" style=\"margin:0;\">Paul Mouginot<\/h2><\/div><div class=\"fusion-separator fusion-full-width-sep\" style=\"align-self: center;margin-left: auto;margin-right: auto;margin-top:20px;margin-bottom:60px;width:100%;\"><div class=\"fusion-separator-border sep-shadow\" style=\"--awb-height:20px;--awb-amount:20px;background:radial-gradient(ellipse at 50% -50% , var(--awb-color3) 0px, rgba(255, 255, 255, 0) 80%) repeat scroll 0 0 rgba(0, 0, 0, 0);background:-webkit-radial-gradient(ellipse at 50% -50% , var(--awb-color3) 0px, rgba(255, 255, 255, 0) 80%) repeat scroll 0 0 rgba(0, 0, 0, 0);background:-moz-radial-gradient(ellipse at 50% -50% , var(--awb-color3) 0px, rgba(255, 255, 255, 0) 80%) repeat scroll 0 0 rgba(0, 0, 0, 0);background:-o-radial-gradient(ellipse at 50% -50% , var(--awb-color3) 0px, rgba(255, 255, 255, 0) 80%) repeat scroll 0 0 rgba(0, 0, 0, 0);\"><\/div><\/div><\/div><\/div><\/div><\/div><div class=\"fusion-fullwidth fullwidth-box fusion-builder-row-2 fusion-flex-container has-pattern-background has-mask-background nonhundred-percent-fullwidth non-hundred-percent-height-scrolling\" style=\"--awb-border-radius-top-left:0px;--awb-border-radius-top-right:0px;--awb-border-radius-bottom-right:0px;--awb-border-radius-bottom-left:0px;--awb-flex-wrap:wrap;\" ><div class=\"fusion-builder-row fusion-row fusion-flex-align-items-flex-start fusion-flex-content-wrap\" style=\"max-width:1300px;margin-left: calc(-4% \/ 2 );margin-right: calc(-4% \/ 2 );\"><div class=\"fusion-layout-column fusion_builder_column fusion-builder-column-1 fusion_builder_column_1_1 1_1 fusion-flex-column fusion-animated\" style=\"--awb-bg-size:cover;--awb-width-large:100%;--awb-margin-top-large:0px;--awb-spacing-right-large:1.92%;--awb-margin-bottom-large:20px;--awb-spacing-left-large:1.92%;--awb-width-medium:100%;--awb-order-medium:0;--awb-spacing-right-medium:1.92%;--awb-spacing-left-medium:1.92%;--awb-width-small:100%;--awb-order-small:0;--awb-spacing-right-small:1.92%;--awb-spacing-left-small:1.92%;\" data-animationtype=\"fadeInLeft\" data-animationduration=\"2.0\" data-animationoffset=\"top-into-view\" data-scroll-devices=\"small-visibility,medium-visibility,large-visibility\"><div class=\"fusion-column-wrapper fusion-column-has-shadow fusion-flex-justify-content-flex-start fusion-content-layout-column\"><div class=\"fusion-text fusion-text-1\" style=\"--awb-content-alignment:justify;\"><p><strong>Exposition du jeudi 11 f\u00e9vrier au vendredi 18 mars<\/strong><\/p>\n<p>Paul Mouginot offre une fra\u00eecheur et un regard neuf sur les choses qui l'entourent, dans un accrochage de photos bord\u00e9es par deux sages, statues gardiennes de cette exposition. Paul appara\u00eet ici comme un po\u00e8te plasticien, qui donne \u00e0 voir dans son travail les dimensions po\u00e9tiques et sensorielles de la m\u00e9moire, o\u00f9 il met en exergue, un souvenir, son investigation des choses, des lieux.<\/p>\n<p>Pour MEMORIES \/ NEXT LEVEL, Paul Mouginot expose ses pi\u00e8ces avec parcimonie et pr\u00e9cision : 6 photos, 2 sculptures, une installation. Paul a un processus singulier : il observe son sujet, s\u2019avance dans la contemplation du souvenir, le d\u00e9cortique, l\u2019extrait, et la restitue couche par couche. Grands ensembles ou d\u00e9tails, ac\u00e9r\u00e9s ou flous, ces \u00e9l\u00e9ments aux codes couleurs et textuels distincts sont la quintessence, le sensible. Il ne cesse de se rapprocher au plus pr\u00e8s de son sujet : il le cadre, il le choisit, il le construit, il le met en sc\u00e8ne, il superpose couleurs et mati\u00e8res. Le choix du papier, l\u2019encadrement, ach\u00e8vent d\u2019ench\u00e2sser ces reliques.<\/p>\n<p>Photographies BLEU La mer, le bleu du ciel, le contre ciel, le flou, le vent. On contemple le calme plat, le vertige, le vide, l\u2019au-del\u00e0 de la ligne de l\u2019horizon. Cette image fait r\u00e9f\u00e9rence \u00e0 3 photos de sa s\u00e9rie pr\u00e9c\u00e9dente REN\u00c9 (2013) : premier souvenir de la mer, souvenir de montagne et d\u00e9grad\u00e9s de bleu- et cauchemar r\u00e9current de l\u2019enfance. Tout est net dans cette photo, except\u00e9 la transition floue entre les teintes ; Paul se fait r\u00e9f\u00e9rence au travail pictural de Rothko.<\/p>\n<p>JAUNE En photographiant la surface dor\u00e9e \u00e0 l\u2019or fin de sa lampe JERICHOR, expos\u00e9e \u00e0 la FIAC en 2015, Paul tente d\u2019assurer une forme de p\u00e9rennit\u00e9 de son \u0153uvre. La photographie devient alors une \u00ab capsule temporelle \u00bb, une assurance suppl\u00e9mentaire contre l\u2019oubli in\u00e9luctable.<\/p>\n<p>VERT Paul raconte qu\u2019enfant, il se coupait souvent avec des brins d\u2019herbe ; ici il explore la surimpression de quatre photographies prises dans les champs de Giverny, lui permettant de retrouver et reconstituer ce souvenir attendantrissant. Les brins d\u2019herbe superpos\u00e9s dessinent des obliques qui semblent brouiller la vision. Les formes g\u00e9om\u00e9triques tr\u00e8s marqu\u00e9es qui quadrillent la premi\u00e8re couche photographique sont alors perturb\u00e9es et la lecture du paysage en devient alt\u00e9r\u00e9e, laissant place \u00e0 une plus libre interpr\u00e9tation.<\/p>\n<p>ROUGE De loin, le clich\u00e9 esquisse deux formes parfaitement imbriqu\u00e9es et clairement d\u00e9marqu\u00e9es par une teinte de rouge plus ou moins intense. Il faut se rapprocher pour apercevoir les imperfections, t\u00e2ches ou fissures, qui viennent animer cette apparente limpidit\u00e9. Le rose, les roses, la guimauve, le papier cr\u00e9pon des boites acidul\u00e9es\u2026 NOIRE Photographie floue d'une photographie d'un petit lion en bronze, qui appartenait \u00e0 son grand p\u00e8re : le souvenir s'\u00e9loigne, les formes s'estompent, mais l'id\u00e9e g\u00e9n\u00e9rale demeure.<\/p>\n<p>BLANC Le cerveau, si\u00e8ge de la m\u00e9moire, peut \u00eatre localisation de la solution ou des promesses du futur.<\/p>\n<p>Sculptures et installations Pour Paul, puiser dans les souvenirs ne saurait \u00eatre une fin en soi. Pour lui, la photographie est un pr\u00e9texte, un moyen d'\u00eatre un cam\u00e9l\u00e9on, de rentrer partout, de voir et d'absorber ce qui l'entoure, pour nourrir sa propre qu\u00eate existentielle et se siffler \u00e0 un \u00e9tat sup\u00e9rieur de conscience.<\/p>\n<p>BAGAGES DE VIE Deux statues en b\u00e9ton arm\u00e9, sur deux socles en plexiglas, reli\u00e9es par une cha\u00eenette dor\u00e9e \u00e9voquent le d\u00e9passement de soi, le passage du personnel au g\u00e9n\u00e9ral, la projection de la vie priv\u00e9e \u00e0 la vie publique, la sortie du corps.<\/p>\n<p>TIME RIBBON Un ruban en papier sur lequel il \u00e9crit \u00ab chaque jour, chaque nuit, chaque jour\u2026 \u00bb, comme une litanie lancinante, qui mat\u00e9rialise le temps douloureux, mais aussi les secondes qui soignent, la lutte obstin\u00e9e contre l'effacement. Ce ruban relie les deux photos NOIR et BLANC dispos\u00e9es face \u00e0 face. Reli\u00e9es par le temps, elles semblent ne cesser de s'\u00e9loigner l'une de l'autre, jusqu'\u00e0 l'\u00e9clatement, dans un espace blanc qui \u00e9voque un saint des saints.<\/p>\n<p>G\u00c9RALDINE POSTEL<\/p>\n<\/div><\/div><\/div><div class=\"fusion-layout-column fusion_builder_column fusion-builder-column-2 fusion_builder_column_1_1 1_1 fusion-flex-column\" style=\"--awb-bg-size:cover;--awb-width-large:100%;--awb-margin-top-large:0px;--awb-spacing-right-large:1.92%;--awb-margin-bottom-large:20px;--awb-spacing-left-large:1.92%;--awb-width-medium:100%;--awb-order-medium:0;--awb-spacing-right-medium:1.92%;--awb-spacing-left-medium:1.92%;--awb-width-small:100%;--awb-order-small:0;--awb-spacing-right-small:1.92%;--awb-spacing-left-small:1.92%;\"><div class=\"fusion-column-wrapper fusion-column-has-shadow fusion-flex-justify-content-flex-start fusion-content-layout-column\"><div class=\"awb-gallery-wrapper awb-gallery-wrapper-1 button-span-no\" style=\"--more-btn-alignment:center;\"><div style=\"margin:-5px;--awb-bordersize:0px;\" class=\"fusion-gallery fusion-gallery-container fusion-grid-3 fusion-columns-total-2 fusion-gallery-layout-masonry fusion-gallery-1\"><div class=\"fusion-grid-column fusion-gallery-column fusion-gallery-column-3 fusion-grid-sizer\"><\/div><div style=\"padding:5px;\" class=\"fusion-grid-column fusion-gallery-column fusion-gallery-column-3 fusion-element-landscape\"><div class=\"fusion-gallery-image fusion-gallery-image-liftup\"><a href=\"https:\/\/geraldinepostel.org\/wp-content\/uploads\/2024\/09\/tumblr_inline_o2fqxdYa341thrmn9_500.jpg\" rel=\"noreferrer\" data-rel=\"iLightbox[gallery_image_1]\" class=\"fusion-lightbox\" target=\"_self\"><div style=\"background-image:url(https:\/\/geraldinepostel.org\/wp-content\/uploads\/2024\/09\/tumblr_inline_o2fqxdYa341thrmn9_500.jpg);padding-top:calc((100% + 10px) * 0.4 - 5px);background-position:;\" class=\"fusion-masonry-element-container\"><img decoding=\"async\" src=\"https:\/\/geraldinepostel.org\/wp-content\/uploads\/2024\/09\/tumblr_inline_o2fqxdYa341thrmn9_500.jpg\" width=\"500\" height=\"333\" alt=\"\" title=\"\" aria-label=\"\" class=\"img-responsive wp-image-639\" srcset=\"https:\/\/geraldinepostel.org\/wp-content\/uploads\/2024\/09\/tumblr_inline_o2fqxdYa341thrmn9_500-200x133.jpg 200w, https:\/\/geraldinepostel.org\/wp-content\/uploads\/2024\/09\/tumblr_inline_o2fqxdYa341thrmn9_500-400x266.jpg 400w, https:\/\/geraldinepostel.org\/wp-content\/uploads\/2024\/09\/tumblr_inline_o2fqxdYa341thrmn9_500.jpg 500w\" sizes=\"(min-width: 2200px) 100vw, (min-width: 640px) 1250px, \" \/><\/div><\/a><\/div><\/div><div style=\"padding:5px;\" class=\"fusion-grid-column fusion-gallery-column fusion-gallery-column-3 fusion-element-grid\"><div class=\"fusion-gallery-image fusion-gallery-image-liftup\"><a href=\"https:\/\/geraldinepostel.org\/wp-content\/uploads\/2024\/09\/tumblr_inline_o2doszEGQb1thrmn9_500.jpg\" rel=\"noreferrer\" data-rel=\"iLightbox[gallery_image_1]\" class=\"fusion-lightbox\" target=\"_self\"><div style=\"background-image:url(https:\/\/geraldinepostel.org\/wp-content\/uploads\/2024\/09\/tumblr_inline_o2doszEGQb1thrmn9_500.jpg);padding-top:calc((100% + 10px) * 0.8 - 5px);background-position:;\" class=\"fusion-masonry-element-container\"><img decoding=\"async\" src=\"https:\/\/geraldinepostel.org\/wp-content\/uploads\/2024\/09\/tumblr_inline_o2doszEGQb1thrmn9_500.jpg\" width=\"500\" height=\"429\" alt=\"\" title=\"\" aria-label=\"\" class=\"img-responsive wp-image-638\" srcset=\"https:\/\/geraldinepostel.org\/wp-content\/uploads\/2024\/09\/tumblr_inline_o2doszEGQb1thrmn9_500-200x172.jpg 200w, https:\/\/geraldinepostel.org\/wp-content\/uploads\/2024\/09\/tumblr_inline_o2doszEGQb1thrmn9_500-400x343.jpg 400w, https:\/\/geraldinepostel.org\/wp-content\/uploads\/2024\/09\/tumblr_inline_o2doszEGQb1thrmn9_500.jpg 500w\" sizes=\"(min-width: 2200px) 100vw, (min-width: 784px) 413px, (min-width: 712px) 620px, (min-width: 640px) 712px, \" \/><\/div><\/a><\/div><\/div><\/div><\/div><\/div><\/div><\/div><\/div><\/p>","protected":false},"excerpt":{"rendered":"","protected":false},"author":1,"featured_media":282,"parent":357,"menu_order":0,"comment_status":"closed","ping_status":"closed","template":"100-width.php","meta":{"footnotes":""},"class_list":["post-637","page","type-page","status-publish","has-post-thumbnail","hentry"],"_links":{"self":[{"href":"https:\/\/geraldinepostel.org\/fr\/wp-json\/wp\/v2\/pages\/637","targetHints":{"allow":["GET"]}}],"collection":[{"href":"https:\/\/geraldinepostel.org\/fr\/wp-json\/wp\/v2\/pages"}],"about":[{"href":"https:\/\/geraldinepostel.org\/fr\/wp-json\/wp\/v2\/types\/page"}],"author":[{"embeddable":true,"href":"https:\/\/geraldinepostel.org\/fr\/wp-json\/wp\/v2\/users\/1"}],"replies":[{"embeddable":true,"href":"https:\/\/geraldinepostel.org\/fr\/wp-json\/wp\/v2\/comments?post=637"}],"version-history":[{"count":9,"href":"https:\/\/geraldinepostel.org\/fr\/wp-json\/wp\/v2\/pages\/637\/revisions"}],"predecessor-version":[{"id":794,"href":"https:\/\/geraldinepostel.org\/fr\/wp-json\/wp\/v2\/pages\/637\/revisions\/794"}],"up":[{"embeddable":true,"href":"https:\/\/geraldinepostel.org\/fr\/wp-json\/wp\/v2\/pages\/357"}],"wp:featuredmedia":[{"embeddable":true,"href":"https:\/\/geraldinepostel.org\/fr\/wp-json\/wp\/v2\/media\/282"}],"wp:attachment":[{"href":"https:\/\/geraldinepostel.org\/fr\/wp-json\/wp\/v2\/media?parent=637"}],"curies":[{"name":"wp","href":"https:\/\/api.w.org\/{rel}","templated":true}]}}