{"id":604,"date":"2024-09-07T00:49:55","date_gmt":"2024-09-07T00:49:55","guid":{"rendered":"https:\/\/geraldinepostel.org\/?page_id=604"},"modified":"2024-09-07T00:54:28","modified_gmt":"2024-09-07T00:54:28","slug":"orion-giret","status":"publish","type":"page","link":"https:\/\/geraldinepostel.org\/fr\/art\/orion-giret","title":{"rendered":"ORION GIRET"},"content":{"rendered":"<p><div class=\"fusion-fullwidth fullwidth-box fusion-builder-row-1 fusion-flex-container has-pattern-background has-mask-background hundred-percent-fullwidth non-hundred-percent-height-scrolling\" style=\"--awb-border-radius-top-left:0px;--awb-border-radius-top-right:0px;--awb-border-radius-bottom-right:0px;--awb-border-radius-bottom-left:0px;--awb-flex-wrap:wrap;\" ><div class=\"fusion-builder-row fusion-row fusion-flex-align-items-flex-start fusion-flex-content-wrap\" style=\"width:104% !important;max-width:104% !important;margin-left: calc(-4% \/ 2 );margin-right: calc(-4% \/ 2 );\"><div class=\"fusion-layout-column fusion_builder_column fusion-builder-column-0 fusion_builder_column_1_1 1_1 fusion-flex-column fusion-animated\" style=\"--awb-bg-size:cover;--awb-width-large:100%;--awb-margin-top-large:0px;--awb-spacing-right-large:1.92%;--awb-margin-bottom-large:20px;--awb-spacing-left-large:1.92%;--awb-width-medium:100%;--awb-order-medium:0;--awb-spacing-right-medium:1.92%;--awb-spacing-left-medium:1.92%;--awb-width-small:100%;--awb-order-small:0;--awb-spacing-right-small:1.92%;--awb-spacing-left-small:1.92%;\" data-animationtype=\"fadeInLeft\" data-animationduration=\"2.0\" data-animationoffset=\"top-into-view\" data-scroll-devices=\"small-visibility,medium-visibility,large-visibility\"><div class=\"fusion-column-wrapper fusion-column-has-shadow fusion-flex-justify-content-flex-start fusion-content-layout-column\"><div class=\"fusion-title title fusion-title-1 fusion-sep-none fusion-title-text fusion-title-size-two\"><h2 class=\"fusion-title-heading title-heading-left\" style=\"margin:0;\"><h2 class=\"post-title\">ORION GIRET \/ (IN)TENSIONS<\/h2><\/h2><\/div><div class=\"fusion-separator fusion-full-width-sep\" style=\"align-self: center;margin-left: auto;margin-right: auto;margin-top:20px;margin-bottom:60px;width:100%;\"><div class=\"fusion-separator-border sep-shadow\" style=\"--awb-height:20px;--awb-amount:20px;background:radial-gradient(ellipse at 50% -50% , var(--awb-color3) 0px, rgba(255, 255, 255, 0) 80%) repeat scroll 0 0 rgba(0, 0, 0, 0);background:-webkit-radial-gradient(ellipse at 50% -50% , var(--awb-color3) 0px, rgba(255, 255, 255, 0) 80%) repeat scroll 0 0 rgba(0, 0, 0, 0);background:-moz-radial-gradient(ellipse at 50% -50% , var(--awb-color3) 0px, rgba(255, 255, 255, 0) 80%) repeat scroll 0 0 rgba(0, 0, 0, 0);background:-o-radial-gradient(ellipse at 50% -50% , var(--awb-color3) 0px, rgba(255, 255, 255, 0) 80%) repeat scroll 0 0 rgba(0, 0, 0, 0);\"><\/div><\/div><\/div><\/div><\/div><\/div><div class=\"fusion-fullwidth fullwidth-box fusion-builder-row-2 fusion-flex-container has-pattern-background has-mask-background hundred-percent-fullwidth non-hundred-percent-height-scrolling\" style=\"--awb-border-radius-top-left:0px;--awb-border-radius-top-right:0px;--awb-border-radius-bottom-right:0px;--awb-border-radius-bottom-left:0px;--awb-flex-wrap:wrap;\" ><div class=\"fusion-builder-row fusion-row fusion-flex-align-items-flex-start fusion-flex-content-wrap\" style=\"width:104% !important;max-width:104% !important;margin-left: calc(-4% \/ 2 );margin-right: calc(-4% \/ 2 );\"><div class=\"fusion-layout-column fusion_builder_column fusion-builder-column-1 fusion_builder_column_1_2 1_2 fusion-flex-column fusion-animated\" style=\"--awb-bg-size:cover;--awb-width-large:50%;--awb-margin-top-large:0px;--awb-spacing-right-large:3.84%;--awb-margin-bottom-large:20px;--awb-spacing-left-large:3.84%;--awb-width-medium:50%;--awb-order-medium:0;--awb-spacing-right-medium:3.84%;--awb-spacing-left-medium:3.84%;--awb-width-small:100%;--awb-order-small:0;--awb-spacing-right-small:1.92%;--awb-spacing-left-small:1.92%;\" data-animationtype=\"fadeInLeft\" data-animationduration=\"2.0\" data-animationoffset=\"top-into-view\" data-scroll-devices=\"small-visibility,medium-visibility,large-visibility\"><div class=\"fusion-column-wrapper fusion-column-has-shadow fusion-flex-justify-content-flex-start fusion-content-layout-column\"><div class=\"fusion-text fusion-text-1\" style=\"--awb-content-alignment:justify;\"><div class=\"page-container\">\n<div id=\"stash\" class=\"page single\">\n<div id=\"posts\">\n<div class=\"wrap\">\n<div id=\"stash-ants\">\n<article id=\"ant-\" class=\"\" data-id=\"\" data-notes=\"\" data-pt=\"text\">\n<div class=\"post-left\">\n<div class=\"inside\">\n<div class=\"content\">\n<p class=\"p1\">Outcasts Inc., en collaboration avec Jeff Rian, pr\u00e9sente un ensemble d'\u0153uvres de l'artiste fran\u00e7ais Orion Giret.<\/p>\n<p class=\"p2\">\u00ab Orion Giret a \u00e9t\u00e9 mon \u00e9l\u00e8ve pendant quatre ans \u00e0 l\u2019\u00c9cole Nationale Sup\u00e9rieure des Arts de Cergy-Paris. Il \u00e9tait l\u2019un des rares \u00e0 savoir \u00ab finir \u00bb une \u0153uvre. L\u2019habile tour de passe-passe d\u2019un artiste, reliant intuitivement le sujet et le processus comme la personnalit\u00e9 et l\u2019apparence \u2013 de mani\u00e8re exquise. Orion, en un mot, transforme les mat\u00e9riaux de r\u00e9sistance et de subversion courants dans les rues de la ville en repr\u00e9sentations embl\u00e9matiques de ces processus. J\u2019ai pens\u00e9 que l\u2019espace d\u2019exposition exp\u00e9rimental r\u00e9cemment cr\u00e9\u00e9 par Geraldine Postel et sa soci\u00e9t\u00e9, Outcasts Inc., serait id\u00e9al pour pr\u00e9senter les \u0153uvres uniques d\u2019Orion. \u00bb \u2014 JR<\/p>\n<p class=\"p2\">Cette exposition a \u00e9t\u00e9 organis\u00e9e il y a quelques mois. Son contenu pourrait rappeler les troubles que Paris a travers\u00e9s cette ann\u00e9e, mais les peintures, sculptures et vid\u00e9os d\u2019Orion Giret ne sont jamais des reflets de l\u2019actualit\u00e9. Il retraite les communications sociales informelles, celles que la culture questionne, et fait de l\u2019art \u00e0 partir de ces processus : des dessins \u00e9clair\u00e9s \u00e0 la m\u00e8che, qu\u2019il r\u00e9alisera sur place ; des peintures \u00e0 la fum\u00e9e de bougie, comme celles d\u2019un cocktail Molotov, d\u2019une voiture incendi\u00e9e ; une t\u00eate de rhinoc\u00e9ros recouverte d\u2019une surface enfum\u00e9e \u2013 reflet du traitement humain des animaux ; une boucle vid\u00e9o d\u2019avions en papier parfaitement r\u00e9alis\u00e9s s\u2019\u00e9crasant contre un mur comme l\u2019engourdissement d\u2019une r\u00e9p\u00e9tition sans fin ; des photographies des fa\u00e7ades de la galerie qu\u2019il a peintes en argent, une surface visuelle plut\u00f4t qu\u2019un tag ; un extincteur rempli de peinture argent\u00e9e (sa couleur de pr\u00e9dilection), l\u2019interpolation de deux crics de voiture dans une colonne de blocs de b\u00e9ton. Chaque \u0153uvre, \u00e0 sa mani\u00e8re, projette une ombre r\u00e9fl\u00e9chie sur des questions morales qui affectent tout le monde. Leur force r\u00e9side dans la mani\u00e8re dont elles sont r\u00e9alis\u00e9es.<\/p>\n<p class=\"p2\">JEFF RIAN<\/p>\n<p class=\"p2\"><a href=\"http:\/\/oriongiret.com\/\">http:\/\/or<\/a><a href=\"http:\/\/oriongiret.com\/\">iongiret.com\/<\/a><\/p>\n<p class=\"p2\">PRESS:<br \/>\n<a title=\"http:\/\/ashadedviewonfashion.com\/blog\/orion-giret-backyard-wolf-intensions-outcasts-incorporated\" href=\"http:\/\/ashadedviewonfashion.com\/blog\/orion-giret-backyard-wolf-intensions-outcasts-incorporated\">http:\/\/ashadedviewonfashion.com\/blog\/orion-giret-backyard-wolf-intensions-outcasts-incorporated<\/a><br \/>\n<a title=\"http:\/\/ashadedviewonfashion.com\/blog\/orion-giret-tensions\" href=\"http:\/\/ashadedviewonfashion.com\/blog\/orion-giret-tensions\">http:\/\/ashadedviewonfashion.com\/blog\/orion-giret-tensions<\/a><br \/>\n<a title=\"http:\/\/henryroy.blogspot.fr\/2016\/02\/art-une-oeuvre-incandescente-du-jeune.html\" href=\"http:\/\/henryroy.blogspot.fr\/2016\/02\/art-une-oeuvre-incandescente-du-jeune.html\">http:\/\/henryroy.blogspot.fr\/2016\/02\/art-une-oeuvre-incandescente-du-jeune.html<\/a><\/p>\n<\/div>\n<\/div>\n<\/div>\n<\/article>\n<\/div>\n<\/div>\n<\/div>\n<\/div>\n<\/div>\n<\/div><\/div><\/div><div class=\"fusion-layout-column fusion_builder_column fusion-builder-column-2 fusion_builder_column_1_2 1_2 fusion-flex-column\" style=\"--awb-bg-size:cover;--awb-width-large:50%;--awb-margin-top-large:0px;--awb-spacing-right-large:3.84%;--awb-margin-bottom-large:20px;--awb-spacing-left-large:3.84%;--awb-width-medium:50%;--awb-order-medium:0;--awb-spacing-right-medium:3.84%;--awb-spacing-left-medium:3.84%;--awb-width-small:100%;--awb-order-small:0;--awb-spacing-right-small:1.92%;--awb-spacing-left-small:1.92%;\"><div class=\"fusion-column-wrapper fusion-column-has-shadow fusion-flex-justify-content-flex-start fusion-content-layout-column\"><div class=\"awb-gallery-wrapper awb-gallery-wrapper-1 button-span-no\" style=\"--more-btn-alignment:center;\"><div style=\"margin:-5px;--awb-bordersize:0px;\" class=\"fusion-gallery fusion-gallery-container fusion-grid-2 fusion-columns-total-2 fusion-gallery-layout-grid fusion-gallery-1\"><div style=\"padding:5px;\" class=\"fusion-grid-column fusion-gallery-column fusion-gallery-column-2\"><div class=\"fusion-gallery-image fusion-gallery-image-liftup\"><a href=\"https:\/\/geraldinepostel.org\/wp-content\/uploads\/2024\/09\/tumblr_inline_o0slgfB2CY1thrmn9_500.jpg\" rel=\"noreferrer\" data-rel=\"iLightbox[gallery_image_1]\" class=\"fusion-lightbox\" target=\"_self\"><img decoding=\"async\" src=\"https:\/\/geraldinepostel.org\/wp-content\/uploads\/2024\/09\/tumblr_inline_o0slgfB2CY1thrmn9_500.jpg\" width=\"385\" height=\"750\" alt=\"\" title=\"\" aria-label=\"\" class=\"img-responsive wp-image-609\" srcset=\"https:\/\/geraldinepostel.org\/wp-content\/uploads\/2024\/09\/tumblr_inline_o0slgfB2CY1thrmn9_500-200x390.jpg 200w, https:\/\/geraldinepostel.org\/wp-content\/uploads\/2024\/09\/tumblr_inline_o0slgfB2CY1thrmn9_500.jpg 385w\" sizes=\"(min-width: 2200px) 100vw, (min-width: 712px) 623px, (min-width: 640px) 712px, \" \/><\/a><\/div><\/div><div style=\"padding:5px;\" class=\"fusion-grid-column fusion-gallery-column fusion-gallery-column-2\"><div class=\"fusion-gallery-image fusion-gallery-image-liftup\"><a href=\"https:\/\/geraldinepostel.org\/wp-content\/uploads\/2024\/09\/tumblr_inline_o0sliiYQB91thrmn9_500.jpg\" rel=\"noreferrer\" data-rel=\"iLightbox[gallery_image_1]\" class=\"fusion-lightbox\" target=\"_self\"><img decoding=\"async\" src=\"https:\/\/geraldinepostel.org\/wp-content\/uploads\/2024\/09\/tumblr_inline_o0sliiYQB91thrmn9_500.jpg\" width=\"491\" height=\"750\" alt=\"\" title=\"\" aria-label=\"\" class=\"img-responsive wp-image-610\" srcset=\"https:\/\/geraldinepostel.org\/wp-content\/uploads\/2024\/09\/tumblr_inline_o0sliiYQB91thrmn9_500-200x305.jpg 200w, https:\/\/geraldinepostel.org\/wp-content\/uploads\/2024\/09\/tumblr_inline_o0sliiYQB91thrmn9_500-400x611.jpg 400w, https:\/\/geraldinepostel.org\/wp-content\/uploads\/2024\/09\/tumblr_inline_o0sliiYQB91thrmn9_500.jpg 491w\" sizes=\"(min-width: 2200px) 100vw, (min-width: 712px) 623px, (min-width: 640px) 712px, \" \/><\/a><\/div><\/div><div class=\"clearfix\"><\/div><\/div><\/div><div class=\"fusion-separator fusion-full-width-sep\" style=\"align-self: center;margin-left: auto;margin-right: auto;margin-bottom:60px;width:100%;\"><\/div><\/div><\/div><div class=\"fusion-layout-column fusion_builder_column fusion-builder-column-3 fusion_builder_column_1_1 1_1 fusion-flex-column\" style=\"--awb-bg-size:cover;--awb-width-large:100%;--awb-margin-top-large:0px;--awb-spacing-right-large:1.92%;--awb-margin-bottom-large:20px;--awb-spacing-left-large:1.92%;--awb-width-medium:100%;--awb-order-medium:0;--awb-spacing-right-medium:1.92%;--awb-spacing-left-medium:1.92%;--awb-width-small:100%;--awb-order-small:0;--awb-spacing-right-small:1.92%;--awb-spacing-left-small:1.92%;\"><div class=\"fusion-column-wrapper fusion-column-has-shadow fusion-flex-justify-content-flex-start fusion-content-layout-column\"><div class=\"awb-gallery-wrapper awb-gallery-wrapper-2 button-span-no\" style=\"--more-btn-alignment:center;\"><div style=\"margin:-5px;--awb-bordersize:0px;\" class=\"fusion-gallery fusion-gallery-container fusion-grid-4 fusion-columns-total-4 fusion-gallery-layout-masonry fusion-gallery-2\"><div class=\"fusion-grid-column fusion-gallery-column fusion-gallery-column-4 fusion-grid-sizer\"><\/div><div style=\"padding:5px;\" class=\"fusion-grid-column fusion-gallery-column fusion-gallery-column-4 fusion-element-grid\"><div class=\"fusion-gallery-image fusion-gallery-image-liftup\"><a href=\"https:\/\/geraldinepostel.org\/wp-content\/uploads\/2024\/09\/tumblr_inline_o0sljiLabB1thrmn9_500.jpg\" rel=\"noreferrer\" data-rel=\"iLightbox[gallery_image_2]\" class=\"fusion-lightbox\" target=\"_self\"><div style=\"background-image:url(https:\/\/geraldinepostel.org\/wp-content\/uploads\/2024\/09\/tumblr_inline_o0sljiLabB1thrmn9_500.jpg);padding-top:calc((100% + 10px) * 0.8 - 5px);background-position:;\" class=\"fusion-masonry-element-container\"><img decoding=\"async\" src=\"https:\/\/geraldinepostel.org\/wp-content\/uploads\/2024\/09\/tumblr_inline_o0sljiLabB1thrmn9_500.jpg\" width=\"500\" height=\"391\" alt=\"\" title=\"\" aria-label=\"\" class=\"img-responsive wp-image-605\" srcset=\"https:\/\/geraldinepostel.org\/wp-content\/uploads\/2024\/09\/tumblr_inline_o0sljiLabB1thrmn9_500-200x156.jpg 200w, https:\/\/geraldinepostel.org\/wp-content\/uploads\/2024\/09\/tumblr_inline_o0sljiLabB1thrmn9_500-400x313.jpg 400w, https:\/\/geraldinepostel.org\/wp-content\/uploads\/2024\/09\/tumblr_inline_o0sljiLabB1thrmn9_500.jpg 500w\" sizes=\"(min-width: 2200px) 100vw, (min-width: 856px) 309px, (min-width: 784px) 412px, (min-width: 712px) 618px, (min-width: 640px) 712px, \" \/><\/div><\/a><\/div><\/div><div style=\"padding:5px;\" class=\"fusion-grid-column fusion-gallery-column fusion-gallery-column-4 fusion-element-grid\"><div class=\"fusion-gallery-image fusion-gallery-image-liftup\"><a href=\"https:\/\/geraldinepostel.org\/wp-content\/uploads\/2024\/09\/tumblr_inline_o0sll8iKx61thrmn9_500.jpg\" rel=\"noreferrer\" data-rel=\"iLightbox[gallery_image_2]\" class=\"fusion-lightbox\" target=\"_self\"><div style=\"background-image:url(https:\/\/geraldinepostel.org\/wp-content\/uploads\/2024\/09\/tumblr_inline_o0sll8iKx61thrmn9_500.jpg);padding-top:calc((100% + 10px) * 0.8 - 5px);background-position:;\" class=\"fusion-masonry-element-container\"><img decoding=\"async\" src=\"https:\/\/geraldinepostel.org\/wp-content\/uploads\/2024\/09\/tumblr_inline_o0sll8iKx61thrmn9_500.jpg\" width=\"500\" height=\"416\" alt=\"\" title=\"\" aria-label=\"\" class=\"img-responsive wp-image-606\" srcset=\"https:\/\/geraldinepostel.org\/wp-content\/uploads\/2024\/09\/tumblr_inline_o0sll8iKx61thrmn9_500-200x166.jpg 200w, https:\/\/geraldinepostel.org\/wp-content\/uploads\/2024\/09\/tumblr_inline_o0sll8iKx61thrmn9_500-400x333.jpg 400w, https:\/\/geraldinepostel.org\/wp-content\/uploads\/2024\/09\/tumblr_inline_o0sll8iKx61thrmn9_500.jpg 500w\" sizes=\"(min-width: 2200px) 100vw, (min-width: 856px) 309px, (min-width: 784px) 412px, (min-width: 712px) 618px, (min-width: 640px) 712px, \" \/><\/div><\/a><\/div><\/div><div style=\"padding:5px;\" class=\"fusion-grid-column fusion-gallery-column fusion-gallery-column-4 fusion-element-grid\"><div class=\"fusion-gallery-image fusion-gallery-image-liftup\"><a href=\"https:\/\/geraldinepostel.org\/wp-content\/uploads\/2024\/09\/tumblr_inline_o0sld4rd851thrmn9_500.jpg\" rel=\"noreferrer\" data-rel=\"iLightbox[gallery_image_2]\" class=\"fusion-lightbox\" target=\"_self\"><div style=\"background-image:url(https:\/\/geraldinepostel.org\/wp-content\/uploads\/2024\/09\/tumblr_inline_o0sld4rd851thrmn9_500.jpg);padding-top:calc((100% + 10px) * 0.8 - 5px);background-position:;\" class=\"fusion-masonry-element-container\"><img decoding=\"async\" src=\"https:\/\/geraldinepostel.org\/wp-content\/uploads\/2024\/09\/tumblr_inline_o0sld4rd851thrmn9_500.jpg\" width=\"500\" height=\"352\" alt=\"\" title=\"\" aria-label=\"\" class=\"img-responsive wp-image-607\" srcset=\"https:\/\/geraldinepostel.org\/wp-content\/uploads\/2024\/09\/tumblr_inline_o0sld4rd851thrmn9_500-200x141.jpg 200w, https:\/\/geraldinepostel.org\/wp-content\/uploads\/2024\/09\/tumblr_inline_o0sld4rd851thrmn9_500-400x282.jpg 400w, https:\/\/geraldinepostel.org\/wp-content\/uploads\/2024\/09\/tumblr_inline_o0sld4rd851thrmn9_500.jpg 500w\" sizes=\"(min-width: 2200px) 100vw, (min-width: 856px) 309px, (min-width: 784px) 412px, (min-width: 712px) 618px, (min-width: 640px) 712px, \" \/><\/div><\/a><\/div><\/div><div style=\"padding:5px;\" class=\"fusion-grid-column fusion-gallery-column fusion-gallery-column-4 fusion-element-grid\"><div class=\"fusion-gallery-image fusion-gallery-image-liftup\"><a href=\"https:\/\/geraldinepostel.org\/wp-content\/uploads\/2024\/09\/tumblr_inline_o0slf4vUxH1thrmn9_500.jpg\" rel=\"noreferrer\" data-rel=\"iLightbox[gallery_image_2]\" class=\"fusion-lightbox\" target=\"_self\"><div style=\"background-image:url(https:\/\/geraldinepostel.org\/wp-content\/uploads\/2024\/09\/tumblr_inline_o0slf4vUxH1thrmn9_500.jpg);padding-top:calc((100% + 10px) * 0.8 - 5px);background-position:;\" class=\"fusion-masonry-element-container\"><img decoding=\"async\" src=\"https:\/\/geraldinepostel.org\/wp-content\/uploads\/2024\/09\/tumblr_inline_o0slf4vUxH1thrmn9_500.jpg\" width=\"500\" height=\"375\" alt=\"\" title=\"\" aria-label=\"\" class=\"img-responsive wp-image-608\" srcset=\"https:\/\/geraldinepostel.org\/wp-content\/uploads\/2024\/09\/tumblr_inline_o0slf4vUxH1thrmn9_500-200x150.jpg 200w, https:\/\/geraldinepostel.org\/wp-content\/uploads\/2024\/09\/tumblr_inline_o0slf4vUxH1thrmn9_500-400x300.jpg 400w, https:\/\/geraldinepostel.org\/wp-content\/uploads\/2024\/09\/tumblr_inline_o0slf4vUxH1thrmn9_500.jpg 500w\" sizes=\"(min-width: 2200px) 100vw, (min-width: 856px) 309px, (min-width: 784px) 412px, (min-width: 712px) 618px, (min-width: 640px) 712px, \" \/><\/div><\/a><\/div><\/div><\/div><\/div><\/div><\/div><\/div><\/div><\/p>","protected":false},"excerpt":{"rendered":"","protected":false},"author":1,"featured_media":0,"parent":357,"menu_order":0,"comment_status":"closed","ping_status":"closed","template":"100-width.php","meta":{"footnotes":""},"class_list":["post-604","page","type-page","status-publish","hentry"],"_links":{"self":[{"href":"https:\/\/geraldinepostel.org\/fr\/wp-json\/wp\/v2\/pages\/604","targetHints":{"allow":["GET"]}}],"collection":[{"href":"https:\/\/geraldinepostel.org\/fr\/wp-json\/wp\/v2\/pages"}],"about":[{"href":"https:\/\/geraldinepostel.org\/fr\/wp-json\/wp\/v2\/types\/page"}],"author":[{"embeddable":true,"href":"https:\/\/geraldinepostel.org\/fr\/wp-json\/wp\/v2\/users\/1"}],"replies":[{"embeddable":true,"href":"https:\/\/geraldinepostel.org\/fr\/wp-json\/wp\/v2\/comments?post=604"}],"version-history":[{"count":26,"href":"https:\/\/geraldinepostel.org\/fr\/wp-json\/wp\/v2\/pages\/604\/revisions"}],"predecessor-version":[{"id":636,"href":"https:\/\/geraldinepostel.org\/fr\/wp-json\/wp\/v2\/pages\/604\/revisions\/636"}],"up":[{"embeddable":true,"href":"https:\/\/geraldinepostel.org\/fr\/wp-json\/wp\/v2\/pages\/357"}],"wp:attachment":[{"href":"https:\/\/geraldinepostel.org\/fr\/wp-json\/wp\/v2\/media?parent=604"}],"curies":[{"name":"wp","href":"https:\/\/api.w.org\/{rel}","templated":true}]}}