{"id":595,"date":"2024-09-06T23:19:29","date_gmt":"2024-09-06T23:19:29","guid":{"rendered":"https:\/\/geraldinepostel.org\/?page_id=595"},"modified":"2024-09-07T08:21:40","modified_gmt":"2024-09-07T08:21:40","slug":"les-yeux-grand-ouverts","status":"publish","type":"page","link":"https:\/\/geraldinepostel.org\/fr\/art\/les-yeux-grand-ouverts","title":{"rendered":"Les Yeux Grand Ouverts"},"content":{"rendered":"<p><div class=\"fusion-fullwidth fullwidth-box fusion-builder-row-1 fusion-flex-container has-pattern-background has-mask-background hundred-percent-fullwidth non-hundred-percent-height-scrolling\" style=\"--awb-border-radius-top-left:0px;--awb-border-radius-top-right:0px;--awb-border-radius-bottom-right:0px;--awb-border-radius-bottom-left:0px;--awb-flex-wrap:wrap;\" ><div class=\"fusion-builder-row fusion-row fusion-flex-align-items-flex-start fusion-flex-content-wrap\" style=\"width:104% !important;max-width:104% !important;margin-left: calc(-4% \/ 2 );margin-right: calc(-4% \/ 2 );\"><div class=\"fusion-layout-column fusion_builder_column fusion-builder-column-0 fusion_builder_column_1_1 1_1 fusion-flex-column fusion-animated\" style=\"--awb-bg-size:cover;--awb-width-large:100%;--awb-margin-top-large:0px;--awb-spacing-right-large:1.92%;--awb-margin-bottom-large:20px;--awb-spacing-left-large:1.92%;--awb-width-medium:100%;--awb-order-medium:0;--awb-spacing-right-medium:1.92%;--awb-spacing-left-medium:1.92%;--awb-width-small:100%;--awb-order-small:0;--awb-spacing-right-small:1.92%;--awb-spacing-left-small:1.92%;\" data-animationtype=\"fadeInLeft\" data-animationduration=\"2.0\" data-animationoffset=\"top-into-view\" data-scroll-devices=\"small-visibility,medium-visibility,large-visibility\"><div class=\"fusion-column-wrapper fusion-column-has-shadow fusion-flex-justify-content-flex-start fusion-content-layout-column\"><div class=\"fusion-title title fusion-title-1 fusion-sep-none fusion-title-text fusion-title-size-two\"><h2 class=\"fusion-title-heading title-heading-left\" style=\"margin:0;\">Les Yeux Grand Ouverts<\/h2><\/div><div class=\"fusion-separator fusion-full-width-sep\" style=\"align-self: center;margin-left: auto;margin-right: auto;margin-top:20px;margin-bottom:60px;width:100%;\"><div class=\"fusion-separator-border sep-shadow\" style=\"--awb-height:20px;--awb-amount:20px;background:radial-gradient(ellipse at 50% -50% , var(--awb-color3) 0px, rgba(255, 255, 255, 0) 80%) repeat scroll 0 0 rgba(0, 0, 0, 0);background:-webkit-radial-gradient(ellipse at 50% -50% , var(--awb-color3) 0px, rgba(255, 255, 255, 0) 80%) repeat scroll 0 0 rgba(0, 0, 0, 0);background:-moz-radial-gradient(ellipse at 50% -50% , var(--awb-color3) 0px, rgba(255, 255, 255, 0) 80%) repeat scroll 0 0 rgba(0, 0, 0, 0);background:-o-radial-gradient(ellipse at 50% -50% , var(--awb-color3) 0px, rgba(255, 255, 255, 0) 80%) repeat scroll 0 0 rgba(0, 0, 0, 0);\"><\/div><\/div><\/div><\/div><\/div><\/div><div class=\"fusion-fullwidth fullwidth-box fusion-builder-row-2 fusion-flex-container has-pattern-background has-mask-background nonhundred-percent-fullwidth non-hundred-percent-height-scrolling\" style=\"--awb-border-radius-top-left:0px;--awb-border-radius-top-right:0px;--awb-border-radius-bottom-right:0px;--awb-border-radius-bottom-left:0px;--awb-flex-wrap:wrap;\" ><div class=\"fusion-builder-row fusion-row fusion-flex-align-items-flex-start fusion-flex-content-wrap\" style=\"max-width:1300px;margin-left: calc(-4% \/ 2 );margin-right: calc(-4% \/ 2 );\"><div class=\"fusion-layout-column fusion_builder_column fusion-builder-column-1 fusion_builder_column_1_1 1_1 fusion-flex-column fusion-animated\" style=\"--awb-bg-size:cover;--awb-width-large:100%;--awb-margin-top-large:0px;--awb-spacing-right-large:1.92%;--awb-margin-bottom-large:20px;--awb-spacing-left-large:1.92%;--awb-width-medium:100%;--awb-order-medium:0;--awb-spacing-right-medium:1.92%;--awb-spacing-left-medium:1.92%;--awb-width-small:100%;--awb-order-small:0;--awb-spacing-right-small:1.92%;--awb-spacing-left-small:1.92%;\" data-animationtype=\"fadeInLeft\" data-animationduration=\"2.0\" data-animationoffset=\"top-into-view\" data-scroll-devices=\"small-visibility,medium-visibility,large-visibility\"><div class=\"fusion-column-wrapper fusion-column-has-shadow fusion-flex-justify-content-flex-start fusion-content-layout-column\"><div class=\"fusion-text fusion-text-1\" style=\"--awb-content-alignment:justify;\"><p>THOMAS BARBEY \/ SIMON DE LA PORTE \/ ORION GIRET \/ THIERRY LAGALLA \/ ANTOINE MARQUIS \/ NICOLAS PEGON \/ LAURENT SAKSIK \/ OLLI BERY \/ DASS \/ ROMAN DE KERMADEC \/ ERIC PINEAU \/ ADA YU \/ ANDREY ZOUARI \/ PIERRE HUARD \/ DAVID VALENCOURT \/ ANAID DEMIR \/ YVES TENRET \/ GERARD DUGUET GRASSER \/ REINE GRAVES \/ MICHAEL SALERMO \/ MOTE SINABEL AOKI<\/p>\n<p data-darkreader-inline-bgcolor=\"\" data-darkreader-inline-bgimage=\"\"><strong>EXPOSITION DE GROUPE ORGANISEE PAR DAVID MAGNIN ET GERALDINE POSTEL<\/strong><\/p>\n<p data-darkreader-inline-bgcolor=\"\" data-darkreader-inline-bgimage=\"\">David Magnin &amp; G\u00e9raldine Postel partagent, malgr\u00e9 leurs diff\u00e9rences compl\u00e9mentaires, la m\u00eame passion pour le foisonnement des expressions artistiques. Collectionneurs, galeristes, marchands, curateurs, artistes, ils se rencontrent pour la premi\u00e8re fois \u00e0 l'occasion de cette exposition qu'ils pr\u00e9sentent ensemble.<\/p>\n<p data-darkreader-inline-bgcolor=\"\" data-darkreader-inline-bgimage=\"\">L\u2019humour, le savoir-faire et le rire sont au centre de leur \u00e9change cr\u00e9atif et il s\u2019agit ici de rire tr\u00e8s s\u00e9rieusement avec une s\u00e9lection d\u2019artistes de grand talent que personne n\u2019a jamais vu ensemble et rarement s\u00e9par\u00e9s. Un chaos ma\u00eetris\u00e9 et \u00e9clair\u00e9, un \u00e9clat de lumi\u00e8re dans les cieux n\u00e9buleux du contemporain, un \u00e9clat de rire sous et avec les \u00e9toiles, avec Eyes Wide Open.<\/p>\n<\/div><div class=\"fusion-separator fusion-full-width-sep\" style=\"align-self: center;margin-left: auto;margin-right: auto;margin-top:20px;margin-bottom:60px;width:100%;\"><div class=\"fusion-separator-border sep-shadow\" style=\"--awb-height:20px;--awb-amount:20px;background:radial-gradient(ellipse at 50% -50% , var(--awb-color3) 0px, rgba(255, 255, 255, 0) 80%) repeat scroll 0 0 rgba(0, 0, 0, 0);background:-webkit-radial-gradient(ellipse at 50% -50% , var(--awb-color3) 0px, rgba(255, 255, 255, 0) 80%) repeat scroll 0 0 rgba(0, 0, 0, 0);background:-moz-radial-gradient(ellipse at 50% -50% , var(--awb-color3) 0px, rgba(255, 255, 255, 0) 80%) repeat scroll 0 0 rgba(0, 0, 0, 0);background:-o-radial-gradient(ellipse at 50% -50% , var(--awb-color3) 0px, rgba(255, 255, 255, 0) 80%) repeat scroll 0 0 rgba(0, 0, 0, 0);\"><\/div><\/div><div class=\"awb-gallery-wrapper awb-gallery-wrapper-1 button-span-no\" style=\"--more-btn-alignment:center;\"><div style=\"margin:-5px;--awb-bordersize:0px;\" class=\"fusion-gallery fusion-gallery-container fusion-grid-3 fusion-columns-total-3 fusion-gallery-layout-grid fusion-gallery-1\"><div style=\"padding:5px;\" class=\"fusion-grid-column fusion-gallery-column fusion-gallery-column-3\"><div class=\"fusion-gallery-image fusion-gallery-image-liftup\"><a href=\"https:\/\/geraldinepostel.org\/wp-content\/uploads\/2024\/09\/tumblr_inline_odlflbxOyc1thrmn9_500.jpg\" rel=\"noreferrer\" data-rel=\"iLightbox[gallery_image_1]\" class=\"fusion-lightbox\" target=\"_self\"><img decoding=\"async\" src=\"https:\/\/geraldinepostel.org\/wp-content\/uploads\/2024\/09\/tumblr_inline_odlflbxOyc1thrmn9_500.jpg\" width=\"500\" height=\"354\" alt=\"\" title=\"\" aria-label=\"\" class=\"img-responsive wp-image-596\" srcset=\"https:\/\/geraldinepostel.org\/wp-content\/uploads\/2024\/09\/tumblr_inline_odlflbxOyc1thrmn9_500-200x142.jpg 200w, https:\/\/geraldinepostel.org\/wp-content\/uploads\/2024\/09\/tumblr_inline_odlflbxOyc1thrmn9_500-400x283.jpg 400w, https:\/\/geraldinepostel.org\/wp-content\/uploads\/2024\/09\/tumblr_inline_odlflbxOyc1thrmn9_500.jpg 500w\" sizes=\"(min-width: 2200px) 100vw, (min-width: 784px) 413px, (min-width: 712px) 620px, (min-width: 640px) 712px, \" \/><\/a><\/div><\/div><div style=\"padding:5px;\" class=\"fusion-grid-column fusion-gallery-column fusion-gallery-column-3\"><div class=\"fusion-gallery-image fusion-gallery-image-liftup\"><a href=\"https:\/\/geraldinepostel.org\/wp-content\/uploads\/2024\/09\/tumblr_inline_odlfo5fqGB1thrmn9_500.jpg\" rel=\"noreferrer\" data-rel=\"iLightbox[gallery_image_1]\" class=\"fusion-lightbox\" target=\"_self\"><img decoding=\"async\" src=\"https:\/\/geraldinepostel.org\/wp-content\/uploads\/2024\/09\/tumblr_inline_odlfo5fqGB1thrmn9_500.jpg\" width=\"500\" height=\"375\" alt=\"\" title=\"\" aria-label=\"\" class=\"img-responsive wp-image-598\" srcset=\"https:\/\/geraldinepostel.org\/wp-content\/uploads\/2024\/09\/tumblr_inline_odlfo5fqGB1thrmn9_500-200x150.jpg 200w, https:\/\/geraldinepostel.org\/wp-content\/uploads\/2024\/09\/tumblr_inline_odlfo5fqGB1thrmn9_500-400x300.jpg 400w, https:\/\/geraldinepostel.org\/wp-content\/uploads\/2024\/09\/tumblr_inline_odlfo5fqGB1thrmn9_500.jpg 500w\" sizes=\"(min-width: 2200px) 100vw, (min-width: 784px) 413px, (min-width: 712px) 620px, (min-width: 640px) 712px, \" \/><\/a><\/div><\/div><div style=\"padding:5px;\" class=\"fusion-grid-column fusion-gallery-column fusion-gallery-column-3\"><div class=\"fusion-gallery-image fusion-gallery-image-liftup\"><a href=\"https:\/\/geraldinepostel.org\/wp-content\/uploads\/2024\/09\/tumblr_inline_odlfnme7Oi1thrmn9_500.jpg\" rel=\"noreferrer\" data-rel=\"iLightbox[gallery_image_1]\" class=\"fusion-lightbox\" target=\"_self\"><img decoding=\"async\" src=\"https:\/\/geraldinepostel.org\/wp-content\/uploads\/2024\/09\/tumblr_inline_odlfnme7Oi1thrmn9_500.jpg\" width=\"500\" height=\"375\" alt=\"\" title=\"\" aria-label=\"\" class=\"img-responsive wp-image-597\" srcset=\"https:\/\/geraldinepostel.org\/wp-content\/uploads\/2024\/09\/tumblr_inline_odlfnme7Oi1thrmn9_500-200x150.jpg 200w, https:\/\/geraldinepostel.org\/wp-content\/uploads\/2024\/09\/tumblr_inline_odlfnme7Oi1thrmn9_500-400x300.jpg 400w, https:\/\/geraldinepostel.org\/wp-content\/uploads\/2024\/09\/tumblr_inline_odlfnme7Oi1thrmn9_500.jpg 500w\" sizes=\"(min-width: 2200px) 100vw, (min-width: 784px) 413px, (min-width: 712px) 620px, (min-width: 640px) 712px, \" \/><\/a><\/div><\/div><div class=\"clearfix\"><\/div><\/div><\/div><\/div><\/div><\/div><\/div><\/p>","protected":false},"excerpt":{"rendered":"","protected":false},"author":1,"featured_media":282,"parent":357,"menu_order":0,"comment_status":"closed","ping_status":"closed","template":"100-width.php","meta":{"footnotes":""},"class_list":["post-595","page","type-page","status-publish","has-post-thumbnail","hentry"],"_links":{"self":[{"href":"https:\/\/geraldinepostel.org\/fr\/wp-json\/wp\/v2\/pages\/595","targetHints":{"allow":["GET"]}}],"collection":[{"href":"https:\/\/geraldinepostel.org\/fr\/wp-json\/wp\/v2\/pages"}],"about":[{"href":"https:\/\/geraldinepostel.org\/fr\/wp-json\/wp\/v2\/types\/page"}],"author":[{"embeddable":true,"href":"https:\/\/geraldinepostel.org\/fr\/wp-json\/wp\/v2\/users\/1"}],"replies":[{"embeddable":true,"href":"https:\/\/geraldinepostel.org\/fr\/wp-json\/wp\/v2\/comments?post=595"}],"version-history":[{"count":7,"href":"https:\/\/geraldinepostel.org\/fr\/wp-json\/wp\/v2\/pages\/595\/revisions"}],"predecessor-version":[{"id":790,"href":"https:\/\/geraldinepostel.org\/fr\/wp-json\/wp\/v2\/pages\/595\/revisions\/790"}],"up":[{"embeddable":true,"href":"https:\/\/geraldinepostel.org\/fr\/wp-json\/wp\/v2\/pages\/357"}],"wp:featuredmedia":[{"embeddable":true,"href":"https:\/\/geraldinepostel.org\/fr\/wp-json\/wp\/v2\/media\/282"}],"wp:attachment":[{"href":"https:\/\/geraldinepostel.org\/fr\/wp-json\/wp\/v2\/media?parent=595"}],"curies":[{"name":"wp","href":"https:\/\/api.w.org\/{rel}","templated":true}]}}