{"id":563,"date":"2024-09-06T22:46:04","date_gmt":"2024-09-06T22:46:04","guid":{"rendered":"https:\/\/geraldinepostel.org\/?page_id=563"},"modified":"2024-09-07T06:52:21","modified_gmt":"2024-09-07T06:52:21","slug":"katja-rawhles","status":"publish","type":"page","link":"https:\/\/geraldinepostel.org\/fr\/art\/katja-rawhles","title":{"rendered":"Katja Rawhles"},"content":{"rendered":"<p><div class=\"fusion-fullwidth fullwidth-box fusion-builder-row-1 fusion-flex-container has-pattern-background has-mask-background hundred-percent-fullwidth non-hundred-percent-height-scrolling\" style=\"--awb-border-radius-top-left:0px;--awb-border-radius-top-right:0px;--awb-border-radius-bottom-right:0px;--awb-border-radius-bottom-left:0px;--awb-flex-wrap:wrap;\" ><div class=\"fusion-builder-row fusion-row fusion-flex-align-items-flex-start fusion-flex-content-wrap\" style=\"width:104% !important;max-width:104% !important;margin-left: calc(-4% \/ 2 );margin-right: calc(-4% \/ 2 );\"><div class=\"fusion-layout-column fusion_builder_column fusion-builder-column-0 fusion_builder_column_1_1 1_1 fusion-flex-column fusion-animated\" style=\"--awb-bg-size:cover;--awb-width-large:100%;--awb-margin-top-large:0px;--awb-spacing-right-large:1.92%;--awb-margin-bottom-large:20px;--awb-spacing-left-large:1.92%;--awb-width-medium:100%;--awb-order-medium:0;--awb-spacing-right-medium:1.92%;--awb-spacing-left-medium:1.92%;--awb-width-small:100%;--awb-order-small:0;--awb-spacing-right-small:1.92%;--awb-spacing-left-small:1.92%;\" data-animationtype=\"fadeInLeft\" data-animationduration=\"2.0\" data-animationoffset=\"top-into-view\" data-scroll-devices=\"small-visibility,medium-visibility,large-visibility\"><div class=\"fusion-column-wrapper fusion-column-has-shadow fusion-flex-justify-content-flex-start fusion-content-layout-column\"><div class=\"fusion-title title fusion-title-1 fusion-sep-none fusion-title-text fusion-title-size-two\"><h2 class=\"fusion-title-heading title-heading-left\" style=\"margin:0;\">KATJA RAHLWES<\/h2><\/div><\/div><\/div><\/div><\/div><div class=\"fusion-fullwidth fullwidth-box fusion-builder-row-2 fusion-flex-container has-pattern-background has-mask-background nonhundred-percent-fullwidth non-hundred-percent-height-scrolling\" style=\"--awb-border-radius-top-left:0px;--awb-border-radius-top-right:0px;--awb-border-radius-bottom-right:0px;--awb-border-radius-bottom-left:0px;--awb-flex-wrap:wrap;\" ><div class=\"fusion-builder-row fusion-row fusion-flex-align-items-flex-start fusion-flex-content-wrap\" style=\"max-width:1300px;margin-left: calc(-4% \/ 2 );margin-right: calc(-4% \/ 2 );\"><div class=\"fusion-layout-column fusion_builder_column fusion-builder-column-1 fusion_builder_column_1_1 1_1 fusion-flex-column fusion-animated\" style=\"--awb-bg-size:cover;--awb-width-large:100%;--awb-margin-top-large:0px;--awb-spacing-right-large:1.92%;--awb-margin-bottom-large:20px;--awb-spacing-left-large:1.92%;--awb-width-medium:100%;--awb-order-medium:0;--awb-spacing-right-medium:1.92%;--awb-spacing-left-medium:1.92%;--awb-width-small:100%;--awb-order-small:0;--awb-spacing-right-small:1.92%;--awb-spacing-left-small:1.92%;\" data-animationtype=\"fadeInLeft\" data-animationduration=\"2.0\" data-animationoffset=\"top-into-view\" data-scroll-devices=\"small-visibility,medium-visibility,large-visibility\"><div class=\"fusion-column-wrapper fusion-column-has-shadow fusion-flex-justify-content-flex-start fusion-content-layout-column\"><div class=\"fusion-separator fusion-full-width-sep\" style=\"align-self: center;margin-left: auto;margin-right: auto;margin-top:20px;margin-bottom:60px;width:100%;\"><div class=\"fusion-separator-border sep-shadow\" style=\"--awb-height:20px;--awb-amount:20px;background:radial-gradient(ellipse at 50% -50% , var(--awb-color3) 0px, rgba(255, 255, 255, 0) 80%) repeat scroll 0 0 rgba(0, 0, 0, 0);background:-webkit-radial-gradient(ellipse at 50% -50% , var(--awb-color3) 0px, rgba(255, 255, 255, 0) 80%) repeat scroll 0 0 rgba(0, 0, 0, 0);background:-moz-radial-gradient(ellipse at 50% -50% , var(--awb-color3) 0px, rgba(255, 255, 255, 0) 80%) repeat scroll 0 0 rgba(0, 0, 0, 0);background:-o-radial-gradient(ellipse at 50% -50% , var(--awb-color3) 0px, rgba(255, 255, 255, 0) 80%) repeat scroll 0 0 rgba(0, 0, 0, 0);\"><\/div><\/div><div class=\"fusion-text fusion-text-1\" style=\"--awb-content-alignment:justify;\"><p>ZEITLOSIGKEIT est une exposition qui rassemble une collection d\u2019images r\u00e9centes et d\u2019archives de la photographe allemande Katja Rahlwes. Elle d\u00e9crit ce travail comme un essai photographique sus des notions qui rel\u00e8vent de l\u2019ambigu\u00eft\u00e9 et des contradictions qui donnent l\u2019\u00e9quilibre ou d\u00e9stabilisent le quotidien. Katja Rahlwes affirme qu\u2019en r\u00e9alit\u00e9 tout l\u2019influence, de la force f\u00e9minine, la transcendance, le consum\u00e9risme, la vie et la mort\u2026<\/p>\n<p>Cette exposition est le fruit de consid\u00e9rations existentielles, sur l\u2019intemporalit\u00e9 de la confusion des sens\u2026 Des portraits, des natures mortes et quelques autoportraits aussi, c\u2019est aussi une sorte de journal dont les pages seraient toujours dans un processus de fabrication.<\/p>\n<p>Des portraits et des images de femmes, c\u2019est ce qu\u2019on conna\u00eet de mieux de Katja Rahlew, ses portraits d\u2019ic\u00f4nes sur les pages des magazines de mode internationaux de Vogue France, Self Service, Fantasticman, Purple Fashion, The Gentlewoman, \u00e0 des campagnes publicitaires entre autres pour les marques C\u00e9line, Miu Miu, Vionnet, Gucci\u2026<\/p>\n<p>Ici elle livre un autre angle de son travail, c\u2019est un ensemble d\u2019images qui sont souvent prises dans un contexte intimiste, sans attitude et d\u00e9nu\u00e9 de protocoles. Elle aime mettre alternativement en exergue des sentiments liss\u00e9s, une force int\u00e9rieure f\u00e9minine, mais aussi des sensations r\u00e9prim\u00e9es voire an\u00e9anties, un travail sensible qui est li\u00e9 \u00e0 la m\u00e9moire.<\/p>\n<p>Ici, on est face \u00e0 un assemblage \u00e9quilibriste et ludique d\u2019\u00e9l\u00e9ments, de choses anodines et exquises, des sortes d\u2019ex-votos du contemporain, de nombreuses r\u00e9f\u00e9rences d\u2019objets symboliques de la culture populaire et d\u2019autres objets qui ont surv\u00e9cu son enfance.<\/p>\n<p>Des images personnelles de connivences f\u00e9minines et des natures mortes qui se traduisent par une exposition charni\u00e8re o\u00f9 on peut voir simultan\u00e9ment les deux parties qui forment son univers : les domaines publics et priv\u00e9s, l\u2019esth\u00e9tique de sa propre r\u00e9sistance.<\/p>\n<p><strong>Paris, October 2016<\/strong><br \/>\nG\u00e9raldine Postel<\/p>\n<p>ZEITLOSIGKEIT est une exposition qui rassemble une collection d\u2019images r\u00e9centes et d\u2019archive.<\/p>\n<\/div><\/div><\/div><div class=\"fusion-layout-column fusion_builder_column fusion-builder-column-2 fusion_builder_column_1_2 1_2 fusion-flex-column\" style=\"--awb-bg-size:cover;--awb-width-large:50%;--awb-margin-top-large:0px;--awb-spacing-right-large:3.84%;--awb-margin-bottom-large:20px;--awb-spacing-left-large:3.84%;--awb-width-medium:50%;--awb-order-medium:0;--awb-spacing-right-medium:3.84%;--awb-spacing-left-medium:3.84%;--awb-width-small:100%;--awb-order-small:0;--awb-spacing-right-small:1.92%;--awb-spacing-left-small:1.92%;\"><div class=\"fusion-column-wrapper fusion-column-has-shadow fusion-flex-justify-content-flex-start fusion-content-layout-column\"><div class=\"fusion-image-element\" style=\"text-align:center;--awb-caption-title-font-family:var(--h2_typography-font-family);--awb-caption-title-font-weight:var(--h2_typography-font-weight);--awb-caption-title-font-style:var(--h2_typography-font-style);--awb-caption-title-size:var(--h2_typography-font-size);--awb-caption-title-transform:var(--h2_typography-text-transform);--awb-caption-title-line-height:var(--h2_typography-line-height);--awb-caption-title-letter-spacing:var(--h2_typography-letter-spacing);\"><span class=\"fusion-imageframe imageframe-none imageframe-1 hover-type-none\"><a href=\"http:\/\/geraldinepostel.org\/wp-content\/uploads\/2024\/09\/tumblr_inline_ogfi6gJenN1thrmn9_500.jpg\" class=\"fusion-lightbox\" data-rel=\"iLightbox[820b01da81347f7249a]\"><img decoding=\"async\" width=\"500\" height=\"707\" src=\"https:\/\/geraldinepostel.org\/wp-content\/uploads\/2024\/09\/tumblr_inline_ogfi6gJenN1thrmn9_500.jpg\" alt class=\"img-responsive wp-image-564\" srcset=\"https:\/\/geraldinepostel.org\/wp-content\/uploads\/2024\/09\/tumblr_inline_ogfi6gJenN1thrmn9_500-200x283.jpg 200w, https:\/\/geraldinepostel.org\/wp-content\/uploads\/2024\/09\/tumblr_inline_ogfi6gJenN1thrmn9_500-400x566.jpg 400w, https:\/\/geraldinepostel.org\/wp-content\/uploads\/2024\/09\/tumblr_inline_ogfi6gJenN1thrmn9_500.jpg 500w\" sizes=\"(max-width: 640px) 100vw, 500px\" \/><\/a><\/span><\/div><\/div><\/div><div class=\"fusion-layout-column fusion_builder_column fusion-builder-column-3 fusion_builder_column_1_2 1_2 fusion-flex-column\" style=\"--awb-bg-size:cover;--awb-width-large:50%;--awb-margin-top-large:0px;--awb-spacing-right-large:3.84%;--awb-margin-bottom-large:20px;--awb-spacing-left-large:3.84%;--awb-width-medium:50%;--awb-order-medium:0;--awb-spacing-right-medium:3.84%;--awb-spacing-left-medium:3.84%;--awb-width-small:100%;--awb-order-small:0;--awb-spacing-right-small:1.92%;--awb-spacing-left-small:1.92%;\"><div class=\"fusion-column-wrapper fusion-column-has-shadow fusion-flex-justify-content-flex-start fusion-content-layout-column\"><div class=\"fusion-image-element\" style=\"text-align:center;--awb-caption-title-font-family:var(--h2_typography-font-family);--awb-caption-title-font-weight:var(--h2_typography-font-weight);--awb-caption-title-font-style:var(--h2_typography-font-style);--awb-caption-title-size:var(--h2_typography-font-size);--awb-caption-title-transform:var(--h2_typography-text-transform);--awb-caption-title-line-height:var(--h2_typography-line-height);--awb-caption-title-letter-spacing:var(--h2_typography-letter-spacing);\"><span class=\"fusion-imageframe imageframe-none imageframe-2 hover-type-none\"><a href=\"http:\/\/geraldinepostel.org\/wp-content\/uploads\/2024\/09\/tumblr_inline_ogmz4215Ow1thrmn9_500.jpg\" class=\"fusion-lightbox\" data-rel=\"iLightbox[dc0338c44a942137f83]\"><img decoding=\"async\" width=\"500\" height=\"707\" src=\"https:\/\/geraldinepostel.org\/wp-content\/uploads\/2024\/09\/tumblr_inline_ogmz4215Ow1thrmn9_500.jpg\" alt class=\"img-responsive wp-image-565\" srcset=\"https:\/\/geraldinepostel.org\/wp-content\/uploads\/2024\/09\/tumblr_inline_ogmz4215Ow1thrmn9_500-200x283.jpg 200w, https:\/\/geraldinepostel.org\/wp-content\/uploads\/2024\/09\/tumblr_inline_ogmz4215Ow1thrmn9_500-400x566.jpg 400w, https:\/\/geraldinepostel.org\/wp-content\/uploads\/2024\/09\/tumblr_inline_ogmz4215Ow1thrmn9_500.jpg 500w\" sizes=\"(max-width: 640px) 100vw, 500px\" \/><\/a><\/span><\/div><\/div><\/div><\/div><\/div><\/p>","protected":false},"excerpt":{"rendered":"","protected":false},"author":1,"featured_media":282,"parent":357,"menu_order":0,"comment_status":"closed","ping_status":"closed","template":"100-width.php","meta":{"footnotes":""},"class_list":["post-563","page","type-page","status-publish","has-post-thumbnail","hentry"],"_links":{"self":[{"href":"https:\/\/geraldinepostel.org\/fr\/wp-json\/wp\/v2\/pages\/563","targetHints":{"allow":["GET"]}}],"collection":[{"href":"https:\/\/geraldinepostel.org\/fr\/wp-json\/wp\/v2\/pages"}],"about":[{"href":"https:\/\/geraldinepostel.org\/fr\/wp-json\/wp\/v2\/types\/page"}],"author":[{"embeddable":true,"href":"https:\/\/geraldinepostel.org\/fr\/wp-json\/wp\/v2\/users\/1"}],"replies":[{"embeddable":true,"href":"https:\/\/geraldinepostel.org\/fr\/wp-json\/wp\/v2\/comments?post=563"}],"version-history":[{"count":11,"href":"https:\/\/geraldinepostel.org\/fr\/wp-json\/wp\/v2\/pages\/563\/revisions"}],"predecessor-version":[{"id":786,"href":"https:\/\/geraldinepostel.org\/fr\/wp-json\/wp\/v2\/pages\/563\/revisions\/786"}],"up":[{"embeddable":true,"href":"https:\/\/geraldinepostel.org\/fr\/wp-json\/wp\/v2\/pages\/357"}],"wp:featuredmedia":[{"embeddable":true,"href":"https:\/\/geraldinepostel.org\/fr\/wp-json\/wp\/v2\/media\/282"}],"wp:attachment":[{"href":"https:\/\/geraldinepostel.org\/fr\/wp-json\/wp\/v2\/media?parent=563"}],"curies":[{"name":"wp","href":"https:\/\/api.w.org\/{rel}","templated":true}]}}