{"id":541,"date":"2024-09-06T21:47:29","date_gmt":"2024-09-06T21:47:29","guid":{"rendered":"https:\/\/geraldinepostel.org\/?page_id=541"},"modified":"2024-11-06T19:21:29","modified_gmt":"2024-11-06T19:21:29","slug":"gaston-karquel","status":"publish","type":"page","link":"https:\/\/geraldinepostel.org\/fr\/art\/gaston-karquel","title":{"rendered":"Gaston Karquel"},"content":{"rendered":"<p><div class=\"fusion-fullwidth fullwidth-box fusion-builder-row-1 fusion-flex-container has-pattern-background has-mask-background hundred-percent-fullwidth non-hundred-percent-height-scrolling\" style=\"--awb-border-radius-top-left:0px;--awb-border-radius-top-right:0px;--awb-border-radius-bottom-right:0px;--awb-border-radius-bottom-left:0px;--awb-flex-wrap:wrap;\" ><div class=\"fusion-builder-row fusion-row fusion-flex-align-items-flex-start fusion-flex-content-wrap\" style=\"width:104% !important;max-width:104% !important;margin-left: calc(-4% \/ 2 );margin-right: calc(-4% \/ 2 );\"><div class=\"fusion-layout-column fusion_builder_column fusion-builder-column-0 fusion_builder_column_1_1 1_1 fusion-flex-column fusion-animated\" style=\"--awb-bg-size:cover;--awb-width-large:100%;--awb-margin-top-large:0px;--awb-spacing-right-large:1.92%;--awb-margin-bottom-large:20px;--awb-spacing-left-large:1.92%;--awb-width-medium:100%;--awb-order-medium:0;--awb-spacing-right-medium:1.92%;--awb-spacing-left-medium:1.92%;--awb-width-small:100%;--awb-order-small:0;--awb-spacing-right-small:1.92%;--awb-spacing-left-small:1.92%;\" data-animationtype=\"fadeInLeft\" data-animationduration=\"2.0\" data-animationoffset=\"top-into-view\" data-scroll-devices=\"small-visibility,medium-visibility,large-visibility\"><div class=\"fusion-column-wrapper fusion-column-has-shadow fusion-flex-justify-content-flex-start fusion-content-layout-column\"><div class=\"fusion-title title fusion-title-1 fusion-sep-none fusion-title-text fusion-title-size-two\"><h2 class=\"fusion-title-heading title-heading-left\" style=\"margin:0;\">GASTON KARQUEL &#8211; MEGEVE \u00c0 PARIS<\/h2><\/div><\/div><\/div><\/div><\/div><div class=\"fusion-fullwidth fullwidth-box fusion-builder-row-2 fusion-flex-container has-pattern-background has-mask-background hundred-percent-fullwidth non-hundred-percent-height-scrolling\" style=\"--awb-border-radius-top-left:0px;--awb-border-radius-top-right:0px;--awb-border-radius-bottom-right:0px;--awb-border-radius-bottom-left:0px;--awb-flex-wrap:wrap;\" ><div class=\"fusion-builder-row fusion-row fusion-flex-align-items-flex-start fusion-flex-content-wrap\" style=\"width:104% !important;max-width:104% !important;margin-left: calc(-4% \/ 2 );margin-right: calc(-4% \/ 2 );\"><div class=\"fusion-layout-column fusion_builder_column fusion-builder-column-1 fusion_builder_column_1_4 1_4 fusion-flex-column\" style=\"--awb-bg-size:cover;--awb-width-large:25%;--awb-margin-top-large:0px;--awb-spacing-right-large:7.68%;--awb-margin-bottom-large:20px;--awb-spacing-left-large:7.68%;--awb-width-medium:25%;--awb-order-medium:0;--awb-spacing-right-medium:7.68%;--awb-spacing-left-medium:7.68%;--awb-width-small:100%;--awb-order-small:0;--awb-spacing-right-small:1.92%;--awb-spacing-left-small:1.92%;\"><div class=\"fusion-column-wrapper fusion-column-has-shadow fusion-flex-justify-content-flex-start fusion-content-layout-column\"><div class=\"fusion-image-element\" style=\"--awb-caption-title-font-family:var(--h2_typography-font-family);--awb-caption-title-font-weight:var(--h2_typography-font-weight);--awb-caption-title-font-style:var(--h2_typography-font-style);--awb-caption-title-size:var(--h2_typography-font-size);--awb-caption-title-transform:var(--h2_typography-text-transform);--awb-caption-title-line-height:var(--h2_typography-line-height);--awb-caption-title-letter-spacing:var(--h2_typography-letter-spacing);\"><span class=\"fusion-imageframe imageframe-none imageframe-1 hover-type-none\"><img decoding=\"async\" width=\"481\" height=\"489\" title=\"COVER+BIGCARTEL\" src=\"https:\/\/geraldinepostel.org\/wp-content\/uploads\/2024\/11\/COVERBIGCARTEL.jpeg\" alt class=\"img-responsive wp-image-897\" srcset=\"https:\/\/geraldinepostel.org\/wp-content\/uploads\/2024\/11\/COVERBIGCARTEL-200x203.jpeg 200w, https:\/\/geraldinepostel.org\/wp-content\/uploads\/2024\/11\/COVERBIGCARTEL-400x407.jpeg 400w, https:\/\/geraldinepostel.org\/wp-content\/uploads\/2024\/11\/COVERBIGCARTEL.jpeg 481w\" sizes=\"(max-width: 640px) 100vw, 400px\" \/><\/span><\/div><div class=\"fusion-separator fusion-full-width-sep\" style=\"align-self: center;margin-left: auto;margin-right: auto;margin-bottom:10px;width:100%;\"><\/div><div class=\"fusion-text fusion-text-1\" style=\"--awb-content-alignment:justify;\"><div>\n<p>GASTON KARQUEL, 2 JOURS D\u2019\u00c9T\u00c9 1948<\/p>\n<\/div>\n<div>La ville de Meg\u00e8ve, en collaboration avec le duo de collectionneurs G\u00e9raldine Postel et David Magnin, propose une superbe plong\u00e9e en images dans le pass\u00e9 de la station au travers d\u2019une exposition de photographies prises deux jours durant, au cours de l\u2019\u00e9t\u00e9 1948, soit exactement 70 ans auparavant, issues d\u2019un reportage in\u00e9dit du photographe fran\u00e7ais Gaston Karquel (1906-1971). Editions Outcasts Incorporated.<\/div>\n<\/div><\/div><\/div><div class=\"fusion-layout-column fusion_builder_column fusion-builder-column-2 fusion_builder_column_3_4 3_4 fusion-flex-column fusion-animated\" style=\"--awb-bg-size:cover;--awb-width-large:75%;--awb-margin-top-large:0px;--awb-spacing-right-large:2.56%;--awb-margin-bottom-large:20px;--awb-spacing-left-large:2.56%;--awb-width-medium:75%;--awb-order-medium:0;--awb-spacing-right-medium:2.56%;--awb-spacing-left-medium:2.56%;--awb-width-small:100%;--awb-order-small:0;--awb-spacing-right-small:1.92%;--awb-spacing-left-small:1.92%;\" data-animationtype=\"fadeInLeft\" data-animationduration=\"2.0\" data-animationoffset=\"top-into-view\" data-scroll-devices=\"small-visibility,medium-visibility,large-visibility\"><div class=\"fusion-column-wrapper fusion-column-has-shadow fusion-flex-justify-content-flex-start fusion-content-layout-column\"><div class=\"fusion-separator fusion-full-width-sep\" style=\"align-self: center;margin-left: auto;margin-right: auto;margin-top:20px;margin-bottom:60px;width:100%;\"><div class=\"fusion-separator-border sep-shadow\" style=\"--awb-height:20px;--awb-amount:20px;background:radial-gradient(ellipse at 50% -50% , var(--awb-color3) 0px, rgba(255, 255, 255, 0) 80%) repeat scroll 0 0 rgba(0, 0, 0, 0);background:-webkit-radial-gradient(ellipse at 50% -50% , var(--awb-color3) 0px, rgba(255, 255, 255, 0) 80%) repeat scroll 0 0 rgba(0, 0, 0, 0);background:-moz-radial-gradient(ellipse at 50% -50% , var(--awb-color3) 0px, rgba(255, 255, 255, 0) 80%) repeat scroll 0 0 rgba(0, 0, 0, 0);background:-o-radial-gradient(ellipse at 50% -50% , var(--awb-color3) 0px, rgba(255, 255, 255, 0) 80%) repeat scroll 0 0 rgba(0, 0, 0, 0);\"><\/div><\/div><div class=\"awb-gallery-wrapper awb-gallery-wrapper-1 button-span-no\" style=\"--more-btn-alignment:center;\"><div style=\"margin:-5px;--awb-bordersize:0px;\" class=\"fusion-gallery fusion-gallery-container fusion-grid-3 fusion-columns-total-3 fusion-gallery-layout-grid fusion-gallery-1\"><div style=\"padding:5px;\" class=\"fusion-grid-column fusion-gallery-column fusion-gallery-column-3 hover-type-zoomin\"><div class=\"fusion-gallery-image\"><a href=\"https:\/\/geraldinepostel.org\/wp-content\/uploads\/2024\/09\/tumblr_inline_ooaxc4KzrR1thrmn9_500.jpg\" rel=\"noreferrer\" data-rel=\"iLightbox[gallery_image_1]\" class=\"fusion-lightbox\" target=\"_self\"><img decoding=\"async\" src=\"https:\/\/geraldinepostel.org\/wp-content\/uploads\/2024\/09\/tumblr_inline_ooaxc4KzrR1thrmn9_500.jpg\" width=\"500\" height=\"652\" alt=\"\" title=\"\" aria-label=\"\" class=\"img-responsive wp-image-542\" srcset=\"https:\/\/geraldinepostel.org\/wp-content\/uploads\/2024\/09\/tumblr_inline_ooaxc4KzrR1thrmn9_500-200x261.jpg 200w, https:\/\/geraldinepostel.org\/wp-content\/uploads\/2024\/09\/tumblr_inline_ooaxc4KzrR1thrmn9_500-400x522.jpg 400w, https:\/\/geraldinepostel.org\/wp-content\/uploads\/2024\/09\/tumblr_inline_ooaxc4KzrR1thrmn9_500.jpg 500w\" sizes=\"(min-width: 2200px) 100vw, (min-width: 784px) 413px, (min-width: 712px) 620px, (min-width: 640px) 712px, \" \/><\/a><\/div><\/div><div style=\"padding:5px;\" class=\"fusion-grid-column fusion-gallery-column fusion-gallery-column-3 hover-type-zoomin\"><div class=\"fusion-gallery-image\"><a href=\"https:\/\/geraldinepostel.org\/wp-content\/uploads\/2024\/09\/tumblr_inline_ooaxd9tFCQ1thrmn9_500.jpg\" rel=\"noreferrer\" data-rel=\"iLightbox[gallery_image_1]\" class=\"fusion-lightbox\" target=\"_self\"><img decoding=\"async\" src=\"https:\/\/geraldinepostel.org\/wp-content\/uploads\/2024\/09\/tumblr_inline_ooaxd9tFCQ1thrmn9_500.jpg\" width=\"500\" height=\"642\" alt=\"\" title=\"\" aria-label=\"\" class=\"img-responsive wp-image-543\" srcset=\"https:\/\/geraldinepostel.org\/wp-content\/uploads\/2024\/09\/tumblr_inline_ooaxd9tFCQ1thrmn9_500-200x257.jpg 200w, https:\/\/geraldinepostel.org\/wp-content\/uploads\/2024\/09\/tumblr_inline_ooaxd9tFCQ1thrmn9_500-400x514.jpg 400w, https:\/\/geraldinepostel.org\/wp-content\/uploads\/2024\/09\/tumblr_inline_ooaxd9tFCQ1thrmn9_500.jpg 500w\" sizes=\"(min-width: 2200px) 100vw, (min-width: 784px) 413px, (min-width: 712px) 620px, (min-width: 640px) 712px, \" \/><\/a><\/div><\/div><div style=\"padding:5px;\" class=\"fusion-grid-column fusion-gallery-column fusion-gallery-column-3 hover-type-zoomin\"><div class=\"fusion-gallery-image\"><a href=\"https:\/\/geraldinepostel.org\/wp-content\/uploads\/2024\/11\/Capture-decran-2024-10-10-a-14.12.35.png\" rel=\"noreferrer\" data-rel=\"iLightbox[gallery_image_1]\" class=\"fusion-lightbox\" target=\"_self\"><img decoding=\"async\" src=\"https:\/\/geraldinepostel.org\/wp-content\/uploads\/2024\/11\/Capture-decran-2024-10-10-a-14.12.35.png\" width=\"960\" height=\"1248\" alt=\"\" title=\"Capture d\u2019e\u0301cran 2024-10-10 a\u0300 14.12.35\" aria-label=\"Capture d\u2019e\u0301cran 2024-10-10 a\u0300 14.12.35\" class=\"img-responsive wp-image-898\" srcset=\"https:\/\/geraldinepostel.org\/wp-content\/uploads\/2024\/11\/Capture-decran-2024-10-10-a-14.12.35-200x260.png 200w, https:\/\/geraldinepostel.org\/wp-content\/uploads\/2024\/11\/Capture-decran-2024-10-10-a-14.12.35-400x520.png 400w, https:\/\/geraldinepostel.org\/wp-content\/uploads\/2024\/11\/Capture-decran-2024-10-10-a-14.12.35-600x780.png 600w, https:\/\/geraldinepostel.org\/wp-content\/uploads\/2024\/11\/Capture-decran-2024-10-10-a-14.12.35-800x1040.png 800w, https:\/\/geraldinepostel.org\/wp-content\/uploads\/2024\/11\/Capture-decran-2024-10-10-a-14.12.35.png 960w\" sizes=\"(min-width: 2200px) 100vw, (min-width: 784px) 413px, (min-width: 712px) 620px, (min-width: 640px) 712px, \" \/><\/a><\/div><\/div><div class=\"clearfix\"><\/div><\/div><\/div><\/div><\/div><\/div><\/div><div class=\"fusion-fullwidth fullwidth-box fusion-builder-row-3 fusion-flex-container has-pattern-background has-mask-background hundred-percent-fullwidth non-hundred-percent-height-scrolling\" style=\"--awb-border-radius-top-left:0px;--awb-border-radius-top-right:0px;--awb-border-radius-bottom-right:0px;--awb-border-radius-bottom-left:0px;--awb-flex-wrap:wrap;\" ><div class=\"fusion-builder-row fusion-row fusion-flex-align-items-flex-start fusion-flex-content-wrap\" style=\"width:104% !important;max-width:104% !important;margin-left: calc(-4% \/ 2 );margin-right: calc(-4% \/ 2 );\"><div class=\"fusion-layout-column fusion_builder_column fusion-builder-column-3 fusion_builder_column_1_1 1_1 fusion-flex-column fusion-animated\" style=\"--awb-bg-size:cover;--awb-width-large:100%;--awb-margin-top-large:0px;--awb-spacing-right-large:1.92%;--awb-margin-bottom-large:20px;--awb-spacing-left-large:1.92%;--awb-width-medium:100%;--awb-order-medium:0;--awb-spacing-right-medium:1.92%;--awb-spacing-left-medium:1.92%;--awb-width-small:100%;--awb-order-small:0;--awb-spacing-right-small:1.92%;--awb-spacing-left-small:1.92%;\" data-animationtype=\"fadeInLeft\" data-animationduration=\"2.0\" data-animationoffset=\"top-into-view\" data-scroll-devices=\"small-visibility,medium-visibility,large-visibility\"><div class=\"fusion-column-wrapper fusion-column-has-shadow fusion-flex-justify-content-flex-start fusion-content-layout-column\"><div class=\"fusion-separator fusion-full-width-sep\" style=\"align-self: center;margin-left: auto;margin-right: auto;margin-top:20px;margin-bottom:60px;width:100%;\"><div class=\"fusion-separator-border sep-shadow\" style=\"--awb-height:20px;--awb-amount:20px;background:radial-gradient(ellipse at 50% -50% , var(--awb-color3) 0px, rgba(255, 255, 255, 0) 80%) repeat scroll 0 0 rgba(0, 0, 0, 0);background:-webkit-radial-gradient(ellipse at 50% -50% , var(--awb-color3) 0px, rgba(255, 255, 255, 0) 80%) repeat scroll 0 0 rgba(0, 0, 0, 0);background:-moz-radial-gradient(ellipse at 50% -50% , var(--awb-color3) 0px, rgba(255, 255, 255, 0) 80%) repeat scroll 0 0 rgba(0, 0, 0, 0);background:-o-radial-gradient(ellipse at 50% -50% , var(--awb-color3) 0px, rgba(255, 255, 255, 0) 80%) repeat scroll 0 0 rgba(0, 0, 0, 0);\"><\/div><\/div><div class=\"awb-gallery-wrapper awb-gallery-wrapper-2 button-span-no\" style=\"--more-btn-alignment:center;\"><div style=\"margin:-5px;--awb-bordersize:0px;\" class=\"fusion-gallery fusion-gallery-container fusion-grid-5 fusion-columns-total-5 fusion-gallery-layout-grid fusion-gallery-2\"><div style=\"padding:5px;\" class=\"fusion-grid-column fusion-gallery-column fusion-gallery-column-5\"><div class=\"fusion-gallery-image fusion-gallery-image-liftup\"><a href=\"https:\/\/geraldinepostel.org\/wp-content\/uploads\/2024\/09\/tumblr_inline_opfqqkYoGP1thrmn9_500.jpg\" rel=\"noreferrer\" data-rel=\"iLightbox[gallery_image_2]\" class=\"fusion-lightbox\" target=\"_self\"><img decoding=\"async\" src=\"https:\/\/geraldinepostel.org\/wp-content\/uploads\/2024\/09\/tumblr_inline_opfqqkYoGP1thrmn9_500.jpg\" width=\"500\" height=\"502\" alt=\"\" title=\"\" aria-label=\"\" class=\"img-responsive wp-image-548\" srcset=\"https:\/\/geraldinepostel.org\/wp-content\/uploads\/2024\/09\/tumblr_inline_opfqqkYoGP1thrmn9_500-200x201.jpg 200w, https:\/\/geraldinepostel.org\/wp-content\/uploads\/2024\/09\/tumblr_inline_opfqqkYoGP1thrmn9_500-400x402.jpg 400w, https:\/\/geraldinepostel.org\/wp-content\/uploads\/2024\/09\/tumblr_inline_opfqqkYoGP1thrmn9_500.jpg 500w\" sizes=\"(min-width: 2200px) 100vw, (min-width: 928px) 246px, (min-width: 856px) 308px, (min-width: 784px) 410px, (min-width: 712px) 615px, (min-width: 640px) 712px, \" \/><\/a><\/div><\/div><div style=\"padding:5px;\" class=\"fusion-grid-column fusion-gallery-column fusion-gallery-column-5\"><div class=\"fusion-gallery-image fusion-gallery-image-liftup\"><a href=\"https:\/\/geraldinepostel.org\/wp-content\/uploads\/2024\/09\/tumblr_inline_opfqr3035J1thrmn9_500.jpg\" rel=\"noreferrer\" data-rel=\"iLightbox[gallery_image_2]\" class=\"fusion-lightbox\" target=\"_self\"><img decoding=\"async\" src=\"https:\/\/geraldinepostel.org\/wp-content\/uploads\/2024\/09\/tumblr_inline_opfqr3035J1thrmn9_500.jpg\" width=\"500\" height=\"498\" alt=\"\" title=\"\" aria-label=\"\" class=\"img-responsive wp-image-549\" srcset=\"https:\/\/geraldinepostel.org\/wp-content\/uploads\/2024\/09\/tumblr_inline_opfqr3035J1thrmn9_500-200x199.jpg 200w, https:\/\/geraldinepostel.org\/wp-content\/uploads\/2024\/09\/tumblr_inline_opfqr3035J1thrmn9_500-400x398.jpg 400w, https:\/\/geraldinepostel.org\/wp-content\/uploads\/2024\/09\/tumblr_inline_opfqr3035J1thrmn9_500.jpg 500w\" sizes=\"(min-width: 2200px) 100vw, (min-width: 928px) 246px, (min-width: 856px) 308px, (min-width: 784px) 410px, (min-width: 712px) 615px, (min-width: 640px) 712px, \" \/><\/a><\/div><\/div><div class=\"clearfix\"><\/div><div style=\"padding:5px;\" class=\"fusion-grid-column fusion-gallery-column fusion-gallery-column-5\"><div class=\"fusion-gallery-image fusion-gallery-image-liftup\"><a href=\"https:\/\/geraldinepostel.org\/wp-content\/uploads\/2024\/09\/tumblr_inline_opfqrvtRui1thrmn9_500.jpg\" rel=\"noreferrer\" data-rel=\"iLightbox[gallery_image_2]\" class=\"fusion-lightbox\" target=\"_self\"><img decoding=\"async\" src=\"https:\/\/geraldinepostel.org\/wp-content\/uploads\/2024\/09\/tumblr_inline_opfqrvtRui1thrmn9_500.jpg\" width=\"500\" height=\"502\" alt=\"\" title=\"\" aria-label=\"\" class=\"img-responsive wp-image-550\" srcset=\"https:\/\/geraldinepostel.org\/wp-content\/uploads\/2024\/09\/tumblr_inline_opfqrvtRui1thrmn9_500-200x201.jpg 200w, https:\/\/geraldinepostel.org\/wp-content\/uploads\/2024\/09\/tumblr_inline_opfqrvtRui1thrmn9_500-400x402.jpg 400w, https:\/\/geraldinepostel.org\/wp-content\/uploads\/2024\/09\/tumblr_inline_opfqrvtRui1thrmn9_500.jpg 500w\" sizes=\"(min-width: 2200px) 100vw, (min-width: 928px) 246px, (min-width: 856px) 308px, (min-width: 784px) 410px, (min-width: 712px) 615px, (min-width: 640px) 712px, \" \/><\/a><\/div><\/div><div style=\"padding:5px;\" class=\"fusion-grid-column fusion-gallery-column fusion-gallery-column-5\"><div class=\"fusion-gallery-image fusion-gallery-image-liftup\"><a href=\"https:\/\/geraldinepostel.org\/wp-content\/uploads\/2024\/09\/tumblr_inline_opfqskmIw01thrmn9_500.jpg\" rel=\"noreferrer\" data-rel=\"iLightbox[gallery_image_2]\" class=\"fusion-lightbox\" target=\"_self\"><img decoding=\"async\" src=\"https:\/\/geraldinepostel.org\/wp-content\/uploads\/2024\/09\/tumblr_inline_opfqskmIw01thrmn9_500.jpg\" width=\"500\" height=\"502\" alt=\"\" title=\"\" aria-label=\"\" class=\"img-responsive wp-image-551\" srcset=\"https:\/\/geraldinepostel.org\/wp-content\/uploads\/2024\/09\/tumblr_inline_opfqskmIw01thrmn9_500-200x201.jpg 200w, https:\/\/geraldinepostel.org\/wp-content\/uploads\/2024\/09\/tumblr_inline_opfqskmIw01thrmn9_500-400x402.jpg 400w, https:\/\/geraldinepostel.org\/wp-content\/uploads\/2024\/09\/tumblr_inline_opfqskmIw01thrmn9_500.jpg 500w\" sizes=\"(min-width: 2200px) 100vw, (min-width: 928px) 246px, (min-width: 856px) 308px, (min-width: 784px) 410px, (min-width: 712px) 615px, (min-width: 640px) 712px, \" \/><\/a><\/div><\/div><div style=\"padding:5px;\" class=\"fusion-grid-column fusion-gallery-column fusion-gallery-column-5\"><div class=\"fusion-gallery-image fusion-gallery-image-liftup\"><a href=\"https:\/\/geraldinepostel.org\/wp-content\/uploads\/2024\/09\/tumblr_inline_opfqu8rZWX1thrmn9_500.jpg\" rel=\"noreferrer\" data-rel=\"iLightbox[gallery_image_2]\" class=\"fusion-lightbox\" target=\"_self\"><img decoding=\"async\" src=\"https:\/\/geraldinepostel.org\/wp-content\/uploads\/2024\/09\/tumblr_inline_opfqu8rZWX1thrmn9_500.jpg\" width=\"500\" height=\"502\" alt=\"\" title=\"\" aria-label=\"\" class=\"img-responsive wp-image-552\" srcset=\"https:\/\/geraldinepostel.org\/wp-content\/uploads\/2024\/09\/tumblr_inline_opfqu8rZWX1thrmn9_500-200x201.jpg 200w, https:\/\/geraldinepostel.org\/wp-content\/uploads\/2024\/09\/tumblr_inline_opfqu8rZWX1thrmn9_500-400x402.jpg 400w, https:\/\/geraldinepostel.org\/wp-content\/uploads\/2024\/09\/tumblr_inline_opfqu8rZWX1thrmn9_500.jpg 500w\" sizes=\"(min-width: 2200px) 100vw, (min-width: 928px) 246px, (min-width: 856px) 308px, (min-width: 784px) 410px, (min-width: 712px) 615px, (min-width: 640px) 712px, \" \/><\/a><\/div><\/div><\/div><\/div><\/div><\/div><\/div><\/div><\/p>","protected":false},"excerpt":{"rendered":"","protected":false},"author":1,"featured_media":282,"parent":357,"menu_order":0,"comment_status":"closed","ping_status":"closed","template":"100-width.php","meta":{"footnotes":""},"class_list":["post-541","page","type-page","status-publish","has-post-thumbnail","hentry"],"_links":{"self":[{"href":"https:\/\/geraldinepostel.org\/fr\/wp-json\/wp\/v2\/pages\/541","targetHints":{"allow":["GET"]}}],"collection":[{"href":"https:\/\/geraldinepostel.org\/fr\/wp-json\/wp\/v2\/pages"}],"about":[{"href":"https:\/\/geraldinepostel.org\/fr\/wp-json\/wp\/v2\/types\/page"}],"author":[{"embeddable":true,"href":"https:\/\/geraldinepostel.org\/fr\/wp-json\/wp\/v2\/users\/1"}],"replies":[{"embeddable":true,"href":"https:\/\/geraldinepostel.org\/fr\/wp-json\/wp\/v2\/comments?post=541"}],"version-history":[{"count":13,"href":"https:\/\/geraldinepostel.org\/fr\/wp-json\/wp\/v2\/pages\/541\/revisions"}],"predecessor-version":[{"id":900,"href":"https:\/\/geraldinepostel.org\/fr\/wp-json\/wp\/v2\/pages\/541\/revisions\/900"}],"up":[{"embeddable":true,"href":"https:\/\/geraldinepostel.org\/fr\/wp-json\/wp\/v2\/pages\/357"}],"wp:featuredmedia":[{"embeddable":true,"href":"https:\/\/geraldinepostel.org\/fr\/wp-json\/wp\/v2\/media\/282"}],"wp:attachment":[{"href":"https:\/\/geraldinepostel.org\/fr\/wp-json\/wp\/v2\/media?parent=541"}],"curies":[{"name":"wp","href":"https:\/\/api.w.org\/{rel}","templated":true}]}}